{"id":1015,"date":"2022-09-04T14:55:09","date_gmt":"2022-09-04T14:55:09","guid":{"rendered":"http:\/\/dephicap.com\/?page_id=1015"},"modified":"2022-09-05T09:13:10","modified_gmt":"2022-09-05T09:13:10","slug":"audit-financier","status":"publish","type":"page","link":"https:\/\/dephicap.com\/dev\/audit-financier\/","title":{"rendered":"Audit Financier"},"content":{"rendered":"<div class=\"vce-row-container\"><div class=\"vce-row vce-row--col-gap-30 vce-row-no-paddings vce-row-content--top\" data-vce-full-width=\"true\" data-vce-stretch-content=\"true\" id=\"el-5d9c50d0\" data-vce-do-apply=\"all el-5d9c50d0\"><div class=\"vce-content-background-container\"><\/div><div class=\"vce-row-content\" data-vce-element-content=\"true\"><div class=\"vce-col vce-col--md-auto vce-col--xs-1 vce-col--xs-last vce-col--xs-first vce-col--sm-last vce-col--sm-first vce-col--md-last vce-col--lg-last vce-col--xl-last vce-col--md-first vce-col--lg-first vce-col--xl-first\" id=\"el-925e4c6a\"><div class=\"vce-col-inner\" data-vce-do-apply=\"border margin background  el-925e4c6a\"><div class=\"vce-col-content\" data-vce-element-content=\"true\" data-vce-do-apply=\"padding el-925e4c6a\"><div class=\"vce-raw-html\"><div class=\"vce-raw-html-wrapper\" id=\"el-ca321064\" data-vce-do-apply=\"all el-ca321064\"><div class=\"newsticker\"><\/div><\/div><\/div><\/div><\/div><\/div><\/div><\/div><\/div><div class=\"vce-row-container\" data-vce-boxed-width=\"true\"><div class=\"vce-row vce-row--col-gap-30 vce-row-content--top\" id=\"el-6eb5ded0\" data-vce-do-apply=\"all el-6eb5ded0\"><div class=\"vce-row-content\" data-vce-element-content=\"true\"><div class=\"vce-col vce-col--md-auto vce-col--xs-1 vce-col--xs-last vce-col--xs-first vce-col--sm-last vce-col--sm-first vce-col--md-last vce-col--lg-last vce-col--xl-last vce-col--md-first vce-col--lg-first vce-col--xl-first\" id=\"el-7b20a8f2\"><div class=\"vce-col-inner\" data-vce-do-apply=\"border margin background  el-7b20a8f2\"><div class=\"vce-col-content\" data-vce-element-content=\"true\" data-vce-do-apply=\"padding el-7b20a8f2\"><div class=\"vce-raw-html\"><div class=\"vce-raw-html-wrapper\" id=\"el-c6d3dd2f\" data-vce-do-apply=\"all el-c6d3dd2f\">[smartslider3 slider=\"24\"]<\/div><\/div><\/div><\/div><\/div><\/div><\/div><\/div><div class=\"vce-row-container\"><div class=\"vce-row vce-row--col-gap-10 vce-row-wrap--reverse vce-row-content--top\" data-vce-full-width=\"true\" id=\"el-27621727\" data-vce-do-apply=\"all el-27621727\"><div class=\"vce-content-background-container\"><\/div><div class=\"vce-row-content\" data-vce-element-content=\"true\"><div class=\"vce-col vce-col--md-60p vce-col--xs-1 vce-col--xs-last vce-col--xs-first vce-col--sm-last vce-col--sm-first vce-col--md-first vce-col--lg-first vce-col--xl-first leftcolumntext\" id=\"el-58cf9744\"><div class=\"vce-col-inner\" data-vce-do-apply=\"border margin background  el-58cf9744\"><div class=\"vce-content-background-container\"><\/div><div class=\"vce-col-content\" data-vce-element-content=\"true\" data-vce-do-apply=\"padding el-58cf9744\"><div class=\"vce-text-block header_slider responsive_padding_right\"><div class=\"vce-text-block-wrapper vce\" id=\"el-35dcc585\" data-vce-do-apply=\"all el-35dcc585\"><div class=\"animated fadeInLeft duration1\"><h2>Votre situation<\/h2>\n<ul>\n<li>\u00a0Vous n\u2019arrivez pas \u00e0 sortir la t\u00eate de l\u2019eau<\/li>\n<li>Vos relations avec les banques sont tendues<\/li>\n<li>Votre tr\u00e9sorerie est instable<\/li>\n<li>La finance n\u2019est pas votre expertise<\/li>\n<li>Vous rencontrez des difficult\u00e9s pour rembourser vos \u00e9ch\u00e9ances<\/li>\n<li>Vos bilans ne sont pas \u00e0 la hauteur de vos attentes<\/li>\n<\/ul>\n<h2>Notre accompagnement<\/h2>\n<ul>\n<li>Audit bancaire et financier<\/li>\n<li>Optimisation de votre gestion comptable<\/li>\n<li>Mise en place d\u2019outils et de process pertinents<\/li>\n<li>Optimisation des co\u00fbts<\/li>\n<li>R\u00e9duction des frais<\/li>\n<li>Am\u00e9lioration de votre rentabilit\u00e9<\/li>\n<li>Pilotage d\u2019entreprise<\/li>\n<\/ul>\n<\/div><\/div><\/div><\/div><\/div><\/div><div class=\"vce-col vce-col--md-40p vce-col--xs-1 vce-col--xs-last vce-col--xs-first vce-col--sm-last vce-col--sm-first vce-col--md-last vce-col--lg-last vce-col--xl-last colonne_grise\" id=\"el-afde5748\"><div class=\"vce-col-inner\" data-vce-do-apply=\"border margin background  el-afde5748\"><div class=\"vce-col-content\" data-vce-element-content=\"true\" data-vce-do-apply=\"padding el-afde5748\"><div class=\"vce-features vce-var-icon vce-features--style-none vce-features--size-large mysmallquote2\" style=\"--text-align:left; --iconColor:rgb(0, 0, 0); --iconColorHover:rgb(0, 0, 0); --shapeColor:rgb(255, 255, 255); --shapeColorHover:rgb(255, 255, 255); --linkColorHover:rgb(228,228,228);\"><div id=\"el-b3eb982a\" class=\"vce vce-features-icon-wrapper\" data-vce-do-apply=\"all el-b3eb982a\"><div class=\"vce-features--icon vce-icon\"><svg xmlns=\"https:\/\/www.w3.org\/2000\/svg\" viewBox=\"0 0 769 769\"><path stroke-width=\"25\" d=\"M565.755 696.27h-360l-180-311.77 180-311.77h360l180 311.77z\"><\/path><\/svg><span class=\"vce-icon-container fas fa-quote-left\"><\/span><\/div><\/div><\/div><div class=\"vce-text-block outerframe\"><div class=\"vce-text-block-wrapper vce\" id=\"el-de8ed527\" data-vce-do-apply=\"all el-de8ed527\"><div class=\"innerframe\"><p><p>N&rsquo;attendez pas d\u2019avoir la t\u00eate sous l\u2019eau pour remonter la pente.<br \/>\nLes difficult\u00e9s sont quasi quotidiennes au sein des entreprises. Mais pour mieux les anticiper et trouver des solutions p\u00e9rennes, DEPHICAP et DPG SOLUTIONS se sont alli\u00e9s. Nous vous accompagnons \u00e0 travers un audit bancaire et financier.<\/p>\n<p>Nous analysons votre situation en d\u00e9tail pour vous proposer des pr\u00e9conisations adapt\u00e9es.<\/p>\n<p>De l\u2019optimisation des co\u00fbts \u00e0 la chasse aux frais superflus, nous agissons aussi bien sur votre process, votre organisation que sur votre gestion financi\u00e8re globale.<\/p>\n<p>On vous accompagne, vous et vos collaborateurs, avec des outils simples et des m\u00e9thodes qui ont fait leurs preuves.<\/p>\n<p><strong>Notre objectif\u00a0:<\/strong> vous aider \u00e0 r\u00e9duire vos co\u00fbts et am\u00e9liorer votre rentabilit\u00e9.<\/p>\n<\/p><\/div><\/div><\/div><div class=\"vce-single-image-container yellowblock_left vce-single-image--align-left\"><div class=\"vce vce-single-image-wrapper\" id=\"el-c136b9a2\" data-vce-do-apply=\"all el-c136b9a2\"><figure><div class=\"vce-single-image-figure-inner\" style=\"width: 2000px;\"><div class=\"vce-single-image-inner vce-single-image--absolute\" style=\"width: 100%; padding-bottom: 65%;\"><img decoding=\"async\" class=\"vce-single-image\"  data-width=\"2000\" data-height=\"1300\" src=\"https:\/\/dephicap.com\/dev\/wp-content\/uploads\/croissance_226770246_1.jpg\" data-img-src=\"https:\/\/dephicap.com\/dev\/wp-content\/uploads\/croissance_226770246_1.jpg\" data-attachment-id=\"0\"   data-dynamic=\"acf:field_5eac27afe4c5b\" alt=\"\"  title=\"Businessman holding tablet and showing a growing virtual hologram of statistics, graph and chart with arrow up on dark background. Stock market. Business growth, planing and strategy concept.\"  \/><\/div><\/div><figcaption>businessman holding tablet and showing a growing virtual hologram of statistics, graph and chart with arrow up on dark background. Stock market. Business growth, planing and strategy concept.<\/figcaption><\/figure><\/div><\/div><\/div><\/div><\/div><\/div><\/div><\/div><div class=\"vce-row-container\"><div class=\"vce-row vce-element--has-background vce-row--col-gap-50 vce-row-content--top\" data-vce-full-width=\"true\" id=\"el-50aec0db\" data-vce-do-apply=\"all el-50aec0db\"><div class=\"vce-content-background-container\"><\/div><div class=\"vce-dividers-wrapper\"><div class=\"vce-container-divider vce-divider-position--top vce-container-divider-new vce-visible-all-only\" data-vce-do-apply=\"divider el-50aec0db\"><div class=\"vce-container-divider-inner\"><svg class=\"vce-divider-svg\" viewBox=\"0 0 500 27\" width=\"100%\" preserveAspectRatio=\"none\"><g fill=\"rgb(255, 255, 255)\"><path d=\"M256.426407,2 500,2 500,0 0,0 0,2 243.857864,2 250.142136,8.2842712 Z\"><\/path><\/g><\/svg><\/div><\/div><\/div><div class=\"vce-row-content\" data-vce-element-content=\"true\"><div class=\"vce-col vce-col--md-1-3 vce-col--xs-1 vce-col--xs-last vce-col--xs-first vce-col--sm-last vce-col--sm-first vce-col--md-first vce-col--lg-first vce-col--xl-first myopacity\" id=\"el-3d4a625a\"><div class=\"vce-col-inner\" data-vce-do-apply=\"border margin background  el-3d4a625a\"><div class=\"vce-col-content\" data-vce-element-content=\"true\" data-vce-do-apply=\"padding el-3d4a625a\"><div class=\"vce-google-fonts-heading vce-google-fonts-heading--align-center vce-google-fonts-heading--color-empty--45--5C00FF--FF7200 vce-google-fonts-heading--font-family-M-PLUS 1p\"><div class=\"vce-google-fonts-heading-wrapper\"><div class=\"vce-google-fonts-heading--background vce\" id=\"el-a092e780\" data-vce-do-apply=\"border background  padding margin el-a092e780\"><h3 class=\"vce-google-fonts-heading-inner\" style=\"font-size: 2em; font-weight: 400; font-style: normal;\">Nos clients t\u00e9moignent :<\/h3><\/div><\/div><\/div><div class=\"vce-features vce-var-icon vce-features--style-none vce-features--size-large quote_icon\" style=\"--text-align:center; --iconColor:rgb(39, 39, 39); --iconColorHover:rgb(39, 39, 39); --shapeColor:rgb(239, 239, 239); --shapeColorHover:rgb(239, 239, 239); --linkColorHover:rgb(214,214,214);\"><div id=\"el-f6fdac11\" class=\"vce vce-features-icon-wrapper\" data-vce-do-apply=\"all el-f6fdac11\"><div class=\"vce-features--icon vce-icon\"><svg xmlns=\"https:\/\/www.w3.org\/2000\/svg\" viewBox=\"0 0 769 769\"><path stroke-width=\"25\" d=\"M565.755 696.27h-360l-180-311.77 180-311.77h360l180 311.77z\"><\/path><\/svg><span class=\"vce-icon-container fas fa-quote-left\"><\/span><\/div><\/div><\/div><\/div><\/div><\/div><div class=\"vce-col vce-col--md-2-3 vce-col--xs-1 vce-col--xs-last vce-col--xs-first vce-col--sm-last vce-col--sm-first vce-col--md-last vce-col--lg-last vce-col--xl-last\" id=\"el-e7de4bea\"><div class=\"vce-col-inner\" data-vce-do-apply=\"border margin background  el-e7de4bea\"><div class=\"vce-col-content\" data-vce-element-content=\"true\" data-vce-do-apply=\"padding el-e7de4bea\"><div class=\"vce-text-block\"><div class=\"vce-text-block-wrapper vce\" id=\"el-39b07dc6\" data-vce-do-apply=\"all el-39b07dc6\"><div class=\"temoignage_slider\"><div class=\"pt-cv-wrapper\"><div class=\"pt-cv-view pt-cv-grid pt-cv-colsys\" id=\"pt-cv-view-9e585e76fa\"><div data-id=\"pt-cv-page-1\" class=\"pt-cv-page\" data-cvc=\"1\"><div class=\"col-md-12 col-sm-12 col-xs-12 pt-cv-content-item pt-cv-2-col\"  data-pid=\"1044\"><div class='pt-cv-ifield'><a href=\"https:\/\/dephicap.com\/dev\/bruno\/\" class=\"_self pt-cv-href-thumbnail pt-cv-thumb-left cvplbd\" target=\"_self\" ><img width=\"192\" height=\"192\" src=\"https:\/\/dephicap.com\/dev\/wp-content\/uploads\/Bruno.png\" class=\"pt-cv-thumbnail img-none pull-left\" alt=\"T\u00e9moignage audit financier\" \/><\/a>\n<div class=\"pt-cv-ctf-list\" data-cvc=\"1\"><div class=\"col-md-12 pt-cv-ctf-column\"><div class=\"pt-cv-custom-fields pt-cv-ctf-image_content\"><div class=\"pt-cv-ctf-value\"><p>\u00ab Responsable d&rsquo;un groupe dans le transport sanitaire j&rsquo;ai fait appel \u00e0 ce duo d&rsquo;expertes il y a plus de 18 mois dans une p\u00e9riode de temp\u00eate extr\u00eame:<\/p>\n<p>Le contexte de l&rsquo;\u00e9poque: Modification de la r\u00e9glementation sur les prises en charge de l&rsquo;activit\u00e9, avec des d\u00e9lais de paiements passant de 3 jours \u00e0 5 mois, de la remise obligatoire et de la perte de chiffre d&rsquo;affaire.<\/p>\n<p>Pour couronner le tout, le d\u00e9part d&rsquo;un ami et associ\u00e9 plus un s\u00e9isme d&rsquo;ordre priv\u00e9.<\/p>\n<p>En bref, toutes les conditions \u00e9taient requises pour s&rsquo;enfermer, et sombrer.<\/p>\n<p>Mon groupe a subi des attaques de toutes parts, banques avec les pertes d&rsquo;autorisation de d\u00e9couvert, organismes sociaux, organismes de financement, en bref un cauchemar .<\/p>\n<p>Puis il y a eu l&rsquo;arriv\u00e9e d&rsquo;Aurore dans un premier temps.<\/p>\n<p>Apr\u00e8s un entretien, cette derni\u00e8re \u00e0 compris l&rsquo;urgence de la situation et m&rsquo;a de suite propos\u00e9 son expertise dans la n\u00e9gociation de moratoires sur de longues p\u00e9riodes sur les organismes sociaux et SIE, de g\u00e9rer les relations bancaires et de reprendre les conditions de facturation etc.<\/p>\n<p>Arriv\u00e9e de Louisa, une experte en gestion,<\/p>\n<p>Les diff\u00e9rents postes ont \u00e9t\u00e9 \u00e9tudi\u00e9s et des actions ont \u00e9t\u00e9 mises en place rapidement et avec efficacit\u00e9 par ce remarquable bin\u00f4me. Je repars avec une comptabilit\u00e9 assainie et de bonnes relations entre l&rsquo;expert comptable et le CAC.<\/p>\n<p>Aujourd&rsquo;hui, j&rsquo;ai une \u00e9quipe \u00e0 mes c\u00f4t\u00e9s avec Aurore et Louisa.<\/p>\n<p>Elles ont \u00e9t\u00e9 le phare en pleine temp\u00eate et surtout la bou\u00e9e lanc\u00e9e au bon moment. J&rsquo;adore lorsqu&rsquo;elles parlent de mon groupe et qu&rsquo;elles disent, nous allons &#8230;&#8230;.<\/p>\n<p>Leur investissement est surprenant, ce duo est une machine de guerre&#8230;<\/p>\n<p>La temp\u00eate s&rsquo;est calm\u00e9e et je peux de nouveau penser \u00e0 demain avec mon groupe et mon bin\u00f4me.<\/p>\n<p>Je leur suis infiniment reconnaissant de leur implication et des r\u00e9sultats \u00e0 ce jour. Ne plus \u00eatre seul n&rsquo;a pas de prix.<\/p>\n<p>Un \u00e9norme Merci Aurore et Louisa<\/p>\n<p><em>Bruno P.<br \/>\n<\/em><\/p>\n<\/div><\/div><\/div><\/div><\/div><\/div>\n<div class=\"col-md-12 col-sm-12 col-xs-12 pt-cv-content-item pt-cv-2-col\"  data-pid=\"1043\"><div class='pt-cv-ifield'><a href=\"https:\/\/dephicap.com\/dev\/sabine\/\" class=\"_self pt-cv-href-thumbnail pt-cv-thumb-left cvplbd\" target=\"_self\" ><img width=\"192\" height=\"192\" src=\"https:\/\/dephicap.com\/dev\/wp-content\/uploads\/Sabine.png\" class=\"pt-cv-thumbnail img-none pull-left\" alt=\"T\u00e9moignage audit financier\" \/><\/a>\n<div class=\"pt-cv-ctf-list\" data-cvc=\"1\"><div class=\"col-md-12 pt-cv-ctf-column\"><div class=\"pt-cv-custom-fields pt-cv-ctf-image_content\"><div class=\"pt-cv-ctf-value\"><p>Aurore et Luisa\u2026 une vraie bouff\u00e9e d\u2019oxyg\u00e8ne!<\/p>\n<p>Notre entreprise a fait appel \u00e0 elles il y a un peu plus d\u2019un an, \u00e0 un moment o\u00f9 nous avons cumul\u00e9 les probl\u00e8mes (\u00e9conomique, organisation, recrutement&#8230;) o\u00f9 il \u00e9tait compliqu\u00e9 d\u2019entrevoir clairement les \u00e9tapes pour s\u2019en sortir.<br \/>\nElles ont parfaitement compris nos probl\u00e9matiques, et nous ont propos\u00e9 des solutions et strat\u00e9gies adapt\u00e9es.<\/p>\n<p>Tr\u00e8s impliqu\u00e9es et avec une grande capacit\u00e9 de travail et d\u2019analyse, leur soutien a \u00e9t\u00e9 d\u00e9terminant pour nous. Personnellement, ce fut tr\u00e8s enrichissant de collaborer avec elles.Elles ont grandement particip\u00e9 \u00e0 l\u2019am\u00e9lioration des r\u00e9sultats de notre entreprise, Aurore est une n\u00e9gociatrice hors pair.<\/p>\n<p>Avec ce duo, vous pouvez \u00eatre certains que vos projets auront du succ\u00e8s. \u00a0\u00bb<\/p>\n<p><em>Sabine L.<\/em><\/p>\n<\/div><\/div><\/div><\/div><\/div><\/div><\/div><\/div><\/div>\t\t\t<style type=\"text\/css\" id=\"pt-cv-inline-style-47d36776ye\">#pt-cv-view-9e585e76fa .pt-cv-title a, #pt-cv-view-9e585e76fa  .panel-title { font-weight: 600 !important; }\n#pt-cv-view-9e585e76fa .pt-cv-readmore  { color: #ffffff !important; background-color: #00aeef !important; }\n#pt-cv-view-9e585e76fa .pt-cv-readmore:hover  { color: #ffffff !important; background-color: #00aeef !important; }<\/style>\n\t\t\t\n<\/div><\/div><\/div><\/div><\/div><\/div><\/div><\/div><\/div><div class=\"vce-row-container\" data-vce-boxed-width=\"true\"><div class=\"vce-row vce-row--col-gap-30 vce-row-content--top\" id=\"el-2ae470f0\" data-vce-do-apply=\"all el-2ae470f0\"><div class=\"vce-row-content\" data-vce-element-content=\"true\"><div class=\"vce-col vce-col--md-auto vce-col--xs-1 vce-col--xs-last vce-col--xs-first vce-col--sm-last vce-col--sm-first vce-col--md-last vce-col--lg-last vce-col--xl-last vce-col--md-first vce-col--lg-first vce-col--xl-first\" id=\"el-2ed88a63\"><div class=\"vce-col-inner\" data-vce-do-apply=\"border margin background  el-2ed88a63\"><div class=\"vce-col-content\" data-vce-element-content=\"true\" data-vce-do-apply=\"padding el-2ed88a63\"><div class=\"vce-raw-html additional_postfooter\"><div class=\"vce-raw-html-wrapper\" id=\"el-9f091d6a\" data-vce-do-apply=\"all el-9f091d6a\"><div id=\"text-2\" class=\"  widget-container widget_text\">\t\t\t<div class=\"textwidget\"><div class=\"cta_link\">\n<a href=\"http:\/\/dephicap.com\/contactez-nous\/\">Une question ? Contactez nous !<\/a>\n<\/div>\n<\/div>\n\t\t<\/div><div id=\"nav_menu-2\" class=\"widget-container widget_nav_menu\"><div class=\"menu-footer-menu-1-container\"><ul id=\"menu-footer-menu-1\" class=\"menu\"><li id=\"menu-item-175\" class=\"menu-item menu-item-type-post_type menu-item-object-page menu-item-privacy-policy menu-item-175\"><a rel=\"privacy-policy\" href=\"https:\/\/dephicap.com\/dev\/legal\/\" data-ps2id-api=\"true\">Mentions L\u00e9gales &#038; Vie Priv\u00e9e<\/a><\/li>\n<\/ul><\/div><\/div><\/div><\/div><\/div><\/div><\/div><\/div><\/div><\/div>","protected":false},"excerpt":{"rendered":"<p>[smartslider3 slider=\u00a0\u00bb24&Prime;]Nos clients t\u00e9moignent :<\/p>\n","protected":false},"author":1,"featured_media":882,"parent":0,"menu_order":0,"comment_status":"closed","ping_status":"closed","template":"template-full-width.php","meta":{"_acf_changed":false,"inline_featured_image":false,"footnotes":""},"class_list":["post-1015","page","type-page","status-publish","has-post-thumbnail","hentry"],"acf":[],"aioseo_notices":[],"_links":{"self":[{"href":"https:\/\/dephicap.com\/dev\/wp-json\/wp\/v2\/pages\/1015","targetHints":{"allow":["GET"]}}],"collection":[{"href":"https:\/\/dephicap.com\/dev\/wp-json\/wp\/v2\/pages"}],"about":[{"href":"https:\/\/dephicap.com\/dev\/wp-json\/wp\/v2\/types\/page"}],"author":[{"embeddable":true,"href":"https:\/\/dephicap.com\/dev\/wp-json\/wp\/v2\/users\/1"}],"replies":[{"embeddable":true,"href":"https:\/\/dephicap.com\/dev\/wp-json\/wp\/v2\/comments?post=1015"}],"version-history":[{"count":6,"href":"https:\/\/dephicap.com\/dev\/wp-json\/wp\/v2\/pages\/1015\/revisions"}],"predecessor-version":[{"id":1042,"href":"https:\/\/dephicap.com\/dev\/wp-json\/wp\/v2\/pages\/1015\/revisions\/1042"}],"wp:featuredmedia":[{"embeddable":true,"href":"https:\/\/dephicap.com\/dev\/wp-json\/wp\/v2\/media\/882"}],"wp:attachment":[{"href":"https:\/\/dephicap.com\/dev\/wp-json\/wp\/v2\/media?parent=1015"}],"curies":[{"name":"wp","href":"https:\/\/api.w.org\/{rel}","templated":true}]}}