{"id":606,"date":"2020-04-25T19:58:27","date_gmt":"2020-04-25T19:58:27","guid":{"rendered":"http:\/\/dephicap.com\/?page_id=606"},"modified":"2020-05-06T11:25:00","modified_gmt":"2020-05-06T11:25:00","slug":"contactez-nous","status":"publish","type":"page","link":"https:\/\/dephicap.com\/dev\/contactez-nous\/","title":{"rendered":"Contactez-Nous"},"content":{"rendered":"<div class=\"vce-row-container\"><div class=\"vce-row vce-row--col-gap-30 vce-row-no-paddings vce-row-columns--top vce-row-content--top\" data-vce-full-width=\"true\" data-vce-stretch-content=\"true\" id=\"el-5e4ea5e5\" data-vce-do-apply=\"all el-5e4ea5e5\"><div class=\"vce-content-background-container\"><\/div><div class=\"vce-row-content\" data-vce-element-content=\"true\"><div class=\"vce-col vce-col--md-auto vce-col--xs-1 vce-col--xs-last vce-col--xs-first vce-col--sm-last vce-col--sm-first vce-col--md-last vce-col--lg-last vce-col--xl-last vce-col--md-first vce-col--lg-first vce-col--xl-first\" id=\"el-67e782bf\"><div class=\"vce-col-inner\" data-vce-do-apply=\"border margin background  el-67e782bf\"><div class=\"vce-col-content\" data-vce-element-content=\"true\" data-vce-do-apply=\"padding el-67e782bf\"><div class=\"vce-raw-html\"><div class=\"vce-raw-html-wrapper\" id=\"el-c37322ad\" data-vce-do-apply=\"all el-c37322ad\"><div class=\"newsticker\"><\/div><\/div><\/div><\/div><\/div><\/div><\/div><\/div><\/div><div class=\"vce-row-container\"><div class=\"vce-row vce-row--col-gap-30 vce-row-columns--top vce-row-content--top\" id=\"el-c3175781\" data-vce-do-apply=\"all el-c3175781\"><div class=\"vce-row-content\" data-vce-element-content=\"true\"><div class=\"vce-col vce-col--md-auto vce-col--xs-1 vce-col--xs-last vce-col--xs-first vce-col--sm-last vce-col--sm-first vce-col--md-last vce-col--lg-last vce-col--xl-last vce-col--md-first vce-col--lg-first vce-col--xl-first\" id=\"el-349282ef\"><div class=\"vce-col-inner\" data-vce-do-apply=\"border margin background  el-349282ef\"><div class=\"vce-col-content\" data-vce-element-content=\"true\" data-vce-do-apply=\"padding el-349282ef\"><div class=\"vce-raw-html\"><div class=\"vce-raw-html-wrapper\" id=\"el-58dd3dc4\" data-vce-do-apply=\"all el-58dd3dc4\">[smartslider3 slider=19\t]<\/div><\/div><\/div><\/div><\/div><\/div><\/div><\/div><div class=\"vce-row-container\"><div class=\"vce-row vce-row--col-gap-40 soft_backgroundcolor vce-row-columns--top vce-row-content--top\" data-vce-full-width=\"true\" id=\"el-bf1a50ce\" data-vce-do-apply=\"all el-bf1a50ce\"><div class=\"vce-content-background-container\"><\/div><div class=\"vce-row-content\" data-vce-element-content=\"true\" style=\"padding-left: 25px; padding-right: 25px;\"><div class=\"vce-col vce-col--md-auto vce-col--xs-1 vce-col--xs-last vce-col--xs-first vce-col--sm-last vce-col--sm-first vce-col--md-first vce-col--lg-first vce-col--xl-first\" id=\"el-76138d7a\"><div class=\"vce-col-inner\" data-vce-do-apply=\"border margin background  el-76138d7a\"><div class=\"vce-content-background-container\"><\/div><div class=\"vce-col-content\" data-vce-element-content=\"true\" data-vce-do-apply=\"padding el-76138d7a\"><div class=\"vce-text-block header_slider\"><div class=\"vce-text-block-wrapper vce\" id=\"el-8f4ddee4\" data-vce-do-apply=\"all el-8f4ddee4\"><p>\n<div class=\"wpcf7 no-js\" id=\"wpcf7-f43-o1\" lang=\"fr-FR\" dir=\"ltr\" data-wpcf7-id=\"43\">\n<div class=\"screen-reader-response\"><p role=\"status\" aria-live=\"polite\" aria-atomic=\"true\"><\/p> <ul><\/ul><\/div>\n<form action=\"\/dev\/wp-json\/wp\/v2\/pages\/606#wpcf7-f43-o1\" method=\"post\" class=\"wpcf7-form init\" aria-label=\"Formulaire de contact\" novalidate=\"novalidate\" data-status=\"init\">\n<fieldset class=\"hidden-fields-container\"><input type=\"hidden\" name=\"_wpcf7\" value=\"43\" \/><input type=\"hidden\" name=\"_wpcf7_version\" value=\"6.1.5\" \/><input type=\"hidden\" name=\"_wpcf7_locale\" value=\"fr_FR\" \/><input type=\"hidden\" name=\"_wpcf7_unit_tag\" value=\"wpcf7-f43-o1\" \/><input type=\"hidden\" name=\"_wpcf7_container_post\" value=\"0\" \/><input type=\"hidden\" name=\"_wpcf7_posted_data_hash\" value=\"\" \/>\n<\/fieldset>\n<div class=\"formtitle\">\n\t<p>Contactez nous :\n\t<\/p>\n<\/div>\n<div class=\"full100 coordonnees\">\n\t<p>T\u00e9l\u00e9phone : 07.70.20.68.20\n\t<\/p>\n<\/div>\n<div class=\"full100 coordonnees\">\n\t<p><a href=\"mailto:aurore.hugon@dephicap.com\">E.Mail : aurore.hugon@dephicap.com<\/a>\n\t<\/p>\n<\/div>\n<div class=\"formtitle\" style=\"margin-top: 20px !important;\">\n\t<p>ou par formulaire :\n\t<\/p>\n<\/div>\n<div class=\"full100\">\n\t<p><span class=\"wpcf7-form-control-wrap\" data-name=\"Nom\"><input size=\"40\" maxlength=\"400\" class=\"wpcf7-form-control wpcf7-text wpcf7-validates-as-required\" aria-required=\"true\" aria-invalid=\"false\" placeholder=\"Nom et Pr\u00e9nom\" value=\"\" type=\"text\" name=\"Nom\" \/><\/span>\n\t<\/p>\n<\/div>\n<div class=\"left50\">\n\t<p><span class=\"wpcf7-form-control-wrap\" data-name=\"your-email\"><input size=\"40\" maxlength=\"400\" class=\"wpcf7-form-control wpcf7-email wpcf7-validates-as-required wpcf7-text wpcf7-validates-as-email\" aria-required=\"true\" aria-invalid=\"false\" placeholder=\"Email\" value=\"\" type=\"email\" name=\"your-email\" \/><\/span>\n\t<\/p>\n<\/div>\n<div class=\"right50\">\n\t<p><span class=\"wpcf7-form-control-wrap\" data-name=\"Phone\"><input size=\"40\" maxlength=\"400\" class=\"wpcf7-form-control wpcf7-text wpcf7-validates-as-required\" aria-required=\"true\" aria-invalid=\"false\" placeholder=\"T\u00e9l\u00e9phone\" value=\"\" type=\"text\" name=\"Phone\" \/><\/span>\n\t<\/p>\n<\/div>\n<div class=\"full100\">\n\t<p><span class=\"wpcf7-form-control-wrap\" data-name=\"Message\"><textarea cols=\"40\" rows=\"10\" maxlength=\"2000\" class=\"wpcf7-form-control wpcf7-textarea wpcf7-validates-as-required\" aria-required=\"true\" aria-invalid=\"false\" placeholder=\"Votre Message\" name=\"Message\"><\/textarea><\/span>\n\t<\/p>\n<\/div>\n<div class=\"full100\">\n\t<p><span id=\"wpcf7-69fb3c6275d70-wrapper\" class=\"wpcf7-form-control-wrap message-url-wrap\" style=\"display:none !important; visibility:hidden !important;\"><label for=\"wpcf7-69fb3c6275d70-field\" class=\"hp-message\">Veuillez laisser ce champ vide.<\/label><input id=\"wpcf7-69fb3c6275d70-field\"  class=\"wpcf7-form-control wpcf7-text\" type=\"text\" name=\"message-url\" value=\"\" size=\"40\" tabindex=\"-1\" autocomplete=\"new-password\" \/><\/span>\n\t<\/p>\n<\/div>\n<div class=\"mylabeltext_small\">\n\t<p>En envoyant le pr\u00e9sent formulaire, vous acceptez que les donn\u00e9es y figurant ainsi que votre masque r\u00e9seau soient enregistr\u00e9s pour une dur\u00e9e de 24 mois par le propri\u00e9taire du pr\u00e9sent site, sans que ces donn\u00e9es soient partag\u00e9es avec des tiers.\n\t<\/p>\n<\/div>\n<div class=\"full100\">\n\t<p><input class=\"wpcf7-form-control wpcf7-submit has-spinner\" type=\"submit\" value=\"Envoyez !\" \/>\n\t<\/p>\n<\/div><div class=\"wpcf7-response-output\" aria-hidden=\"true\"><\/div>\n<\/form>\n<\/div>\n<\/p><\/div><\/div><\/div><\/div><\/div><div class=\"vce-col vce-col--md-auto vce-col--xs-1 vce-col--xs-last vce-col--xs-first vce-col--sm-last vce-col--sm-first vce-col--md-last vce-col--lg-last vce-col--xl-last\" id=\"el-1b59bdbf\"><div class=\"vce-col-inner\" data-vce-do-apply=\"border margin background  el-1b59bdbf\"><div class=\"vce-content-background-container\"><\/div><div class=\"vce-col-content\" data-vce-element-content=\"true\" data-vce-do-apply=\"padding el-1b59bdbf\"><div class=\"vce-single-image-container yellowblock_left vce-single-image--align-left\"><div class=\"vce vce-single-image-wrapper\" id=\"el-a21560f0\" data-vce-do-apply=\"all el-a21560f0\"><figure><div class=\"vce-single-image-inner vce-single-image--absolute\" style=\"padding-bottom: 122.222%; width: 450px;\"><img class=\"vce-single-image\" data-width=\"450\" data-height=\"550\"src=\"https:\/\/dephicap.com\/dev\/wp-content\/uploads\/contact-accompagnements_1.jpg?vcv-dynamic-field=featured_image&alt=&caption=&title=contact+accompagnements_1\" data-img-src=\"https:\/\/dephicap.com\/dev\/wp-content\/uploads\/contact-accompagnements_1.jpg?vcv-dynamic-field=featured_image&alt=&caption=&title=contact+accompagnements_1\"  data-dynamic=\"featured_image\" alt=\"\" title=\"Two business teamwork calculating a valuation in workplace.\" \/><\/div><figcaption><\/figcaption><\/figure><\/div><\/div><\/div><\/div><\/div><\/div><\/div><\/div>","protected":false},"excerpt":{"rendered":"<p>[smartslider3 slider=19 ]<\/p>\n","protected":false},"author":1,"featured_media":676,"parent":0,"menu_order":0,"comment_status":"closed","ping_status":"closed","template":"template-full-width.php","meta":{"_acf_changed":false,"inline_featured_image":false,"footnotes":""},"class_list":["post-606","page","type-page","status-publish","has-post-thumbnail","hentry"],"acf":[],"aioseo_notices":[],"_links":{"self":[{"href":"https:\/\/dephicap.com\/dev\/wp-json\/wp\/v2\/pages\/606","targetHints":{"allow":["GET"]}}],"collection":[{"href":"https:\/\/dephicap.com\/dev\/wp-json\/wp\/v2\/pages"}],"about":[{"href":"https:\/\/dephicap.com\/dev\/wp-json\/wp\/v2\/types\/page"}],"author":[{"embeddable":true,"href":"https:\/\/dephicap.com\/dev\/wp-json\/wp\/v2\/users\/1"}],"replies":[{"embeddable":true,"href":"https:\/\/dephicap.com\/dev\/wp-json\/wp\/v2\/comments?post=606"}],"version-history":[{"count":46,"href":"https:\/\/dephicap.com\/dev\/wp-json\/wp\/v2\/pages\/606\/revisions"}],"predecessor-version":[{"id":848,"href":"https:\/\/dephicap.com\/dev\/wp-json\/wp\/v2\/pages\/606\/revisions\/848"}],"wp:featuredmedia":[{"embeddable":true,"href":"https:\/\/dephicap.com\/dev\/wp-json\/wp\/v2\/media\/676"}],"wp:attachment":[{"href":"https:\/\/dephicap.com\/dev\/wp-json\/wp\/v2\/media?parent=606"}],"curies":[{"name":"wp","href":"https:\/\/api.w.org\/{rel}","templated":true}]}}