{"id":619,"date":"2020-04-25T20:54:15","date_gmt":"2020-04-25T20:54:15","guid":{"rendered":"http:\/\/dephicap.com\/?page_id=619"},"modified":"2020-05-07T11:19:02","modified_gmt":"2020-05-07T11:19:02","slug":"solutions-de-financement","status":"publish","type":"page","link":"https:\/\/dephicap.com\/dev\/solutions-de-financement\/","title":{"rendered":"Solutions de Financement"},"content":{"rendered":"<div class=\"vce-row-container\"><div class=\"vce-row vce-row--col-gap-30 vce-row-no-paddings vce-row-columns--top vce-row-content--top\" data-vce-full-width=\"true\" data-vce-stretch-content=\"true\" id=\"el-42a78333\" data-vce-do-apply=\"all el-42a78333\"><div class=\"vce-content-background-container\"><\/div><div class=\"vce-row-content\" data-vce-element-content=\"true\"><div class=\"vce-col vce-col--md-auto vce-col--xs-1 vce-col--xs-last vce-col--xs-first vce-col--sm-last vce-col--sm-first vce-col--md-last vce-col--lg-last vce-col--xl-last vce-col--md-first vce-col--lg-first vce-col--xl-first\" id=\"el-fdfcda97\"><div class=\"vce-col-inner\" data-vce-do-apply=\"border margin background  el-fdfcda97\"><div class=\"vce-col-content\" data-vce-element-content=\"true\" data-vce-do-apply=\"padding el-fdfcda97\"><div class=\"vce-raw-html\"><div class=\"vce-raw-html-wrapper\" id=\"el-fde2bb05\" data-vce-do-apply=\"all el-fde2bb05\"><div class=\"newsticker\"><\/div><\/div><\/div><\/div><\/div><\/div><\/div><\/div><\/div><div class=\"vce-row-container\"><div class=\"vce-row vce-row--col-gap-30 vce-row-columns--top vce-row-content--top\" id=\"el-41ac417a\" data-vce-do-apply=\"all el-41ac417a\"><div class=\"vce-row-content\" data-vce-element-content=\"true\"><div class=\"vce-col vce-col--md-auto vce-col--xs-1 vce-col--xs-last vce-col--xs-first vce-col--sm-last vce-col--sm-first vce-col--md-last vce-col--lg-last vce-col--xl-last vce-col--md-first vce-col--lg-first vce-col--xl-first\" id=\"el-78e2bdb0\"><div class=\"vce-col-inner\" data-vce-do-apply=\"border margin background  el-78e2bdb0\"><div class=\"vce-col-content\" data-vce-element-content=\"true\" data-vce-do-apply=\"padding el-78e2bdb0\"><div class=\"vce-raw-html\"><div class=\"vce-raw-html-wrapper\" id=\"el-62a7a8a8\" data-vce-do-apply=\"all el-62a7a8a8\">[smartslider3 slider=20]<\/div><\/div><\/div><\/div><\/div><\/div><\/div><\/div><div class=\"vce-row-container\"><div class=\"vce-row vce-row--col-gap-10 vce-row-wrap--reverse vce-row-columns--top vce-row-content--top\" data-vce-full-width=\"true\" id=\"el-bd4c95cd\" data-vce-do-apply=\"all el-bd4c95cd\"><div class=\"vce-content-background-container\"><\/div><div class=\"vce-row-content\" data-vce-element-content=\"true\" style=\"padding-left: 25px; padding-right: 25px;\"><div class=\"vce-col vce-col--md-60p vce-col--xs-1 vce-col--xs-last vce-col--xs-first vce-col--sm-last vce-col--sm-first vce-col--md-first vce-col--lg-first vce-col--xl-first leftcolumntext\" id=\"el-ca760d5e\"><div class=\"vce-col-inner\" data-vce-do-apply=\"border margin background  el-ca760d5e\"><div class=\"vce-content-background-container\"><\/div><div class=\"vce-col-content\" data-vce-element-content=\"true\" data-vce-do-apply=\"padding el-ca760d5e\"><div class=\"vce-text-block header_slider responsive_padding_right\"><div class=\"vce-text-block-wrapper vce\" id=\"el-ccbf3f73\" data-vce-do-apply=\"all el-ccbf3f73\"><div class=\"animated fadeInLeft duration1\"><h2>Votre situation<\/h2>\n<ul>\n<li>Votre banquier h\u00e9site \u00e0 vous suivre, il ne r\u00e9pond plus r\u00e9ellement \u00e0 vos attentes<\/li>\n<li>Vous n\u2019avez ni l\u2019expertise ni le temps pour vos dossiers de financement<\/li>\n<li>Vos partenaires bancaires peinent \u00e0 comprendre votre activit\u00e9 ou la valeur de vos projets<\/li>\n<\/ul>\n<div class=\"moreindent\">\n<h2>Notre accompagnement<\/h2>\n<ul>\n<li>Achat fonds de commerce<\/li>\n<li>Travaux \/ Mat\u00e9riel<\/li>\n<li>Achat immobilier d\u2019entreprise<\/li>\n<li>Croissance externe \/ achat de titres de soci\u00e9t\u00e9\u2026<\/li>\n<li>Tr\u00e9sorerie<\/li>\n<li>Financement de stock<\/li>\n<li>Mobilisations de cr\u00e9ances<\/li>\n<li>Cautions bancaires\u2026<\/li>\n<\/ul>\n<\/div>\n<\/div><\/div><\/div><\/div><\/div><\/div><div class=\"vce-col vce-col--md-40p vce-col--xs-1 vce-col--xs-last vce-col--xs-first vce-col--sm-last vce-col--sm-first vce-col--md-last vce-col--lg-last vce-col--xl-last colonne_grise\" id=\"el-c9ec1452\"><div class=\"vce-col-inner\" data-vce-do-apply=\"border margin background  el-c9ec1452\"><div class=\"vce-col-content\" data-vce-element-content=\"true\" data-vce-do-apply=\"padding el-c9ec1452\"><div class=\"vce-features vce-features--style-none vce-features--align-left vce-features--size-large mysmallquote2 vce-icon--style--icon-color-b-0-0-0 vce-icon--style--shape-color-3cb878\"><div id=\"el-b51c781b\" class=\"vce vce-features-icon-wrapper\" data-vce-do-apply=\"all el-b51c781b\"><div class=\"vce-features--icon vce-icon\"><svg xmlns=\"https:\/\/www.w3.org\/2000\/svg\" viewBox=\"0 0 769 769\"><path stroke-width=\"25\" d=\"M565.755 696.27h-360l-180-311.77 180-311.77h360l180 311.77z\"><\/path><\/svg><span class=\"vce-icon-container fas fa-quote-left\"><\/span><\/div><\/div><\/div><div class=\"vce-text-block outerframe\"><div class=\"vce-text-block-wrapper vce\" id=\"el-1eeaf42d\" data-vce-do-apply=\"all el-1eeaf42d\"><div class=\"innerframe\"><p><p>Il est fr\u00e9quent de rencontrer des dirigeants d\u2019entreprise qui ne sont plus accompagn\u00e9s par leurs partenaires bancaires lorsque la situation devient complexe.<\/p>\n<p>C\u2019est dans ces p\u00e9riodes que notre exp\u00e9rience en analyse financi\u00e8re en banque nous permet d\u2019identifier les montages de dossiers envisageables et de pr\u00e9senter les demandes de mani\u00e8re optimale.<\/p>\n<p>C\u2019est ce qui nous permet d\u2019aller l\u00e0 o\u00f9 d\u2019autres ne vont pas et de r\u00e9ussir l\u00e0 o\u00f9 d\u2019autres \u00e9chouent.<\/p>\n<\/p><\/div><\/div><\/div><div class=\"vce-single-image-container yellowblock_left vce-single-image--align-left\"><div class=\"vce vce-single-image-wrapper\" id=\"el-1f34aa7f\" data-vce-do-apply=\"all el-1f34aa7f\"><figure><div class=\"vce-single-image-inner vce-single-image--absolute\" style=\"padding-bottom: 125%; width: 2000px;\"><img class=\"vce-single-image\" data-width=\"2000\" data-height=\"2500\"src=\"https:\/\/dephicap.com\/dev\/wp-content\/uploads\/yeshi-kangrang-296068-scaled.jpg\" data-img-src=\"https:\/\/dephicap.com\/dev\/wp-content\/uploads\/yeshi-kangrang-296068-scaled.jpg\"  data-dynamic=\"acf:field_5eac27afe4c5b\" alt=\"null\" title=\"null\" \/><\/div><figcaption><\/figcaption><\/figure><\/div><\/div><!-- \/wp:vcv-gutenberg-blocks\/dynamic-field-block-2-1-0 {\"value\":\"acf:field_5eac27afe4c5b\",\"currentValue\":\"https:\/\/dephicap.com\/dev\/wp-content\/uploads\/yeshi-kangrang-296068-scaled.jpg\",\"elementId\":\"1f34aa7f\"} --><\/div><\/div><\/div><\/div><\/div><\/div><div class=\"vce-row-container\"><div class=\"vce-row vce-element--has-background vce-row--col-gap-50 vce-row-columns--top vce-row-content--top\" data-vce-full-width=\"true\" id=\"el-5b12f9b7\" data-vce-do-apply=\"all el-5b12f9b7\"><div class=\"vce-content-background-container\"><\/div><div class=\"vce-dividers-wrapper\"><div class=\"vce-container-divider vce-divider-position--top vce-container-divider-new vce-visible-all-only\" data-vce-do-apply=\"divider el-5b12f9b7\"><div class=\"vce-container-divider-inner\"><svg class=\"vce-divider-svg\" viewBox=\"0 0 500 27\" width=\"100%\" preserveAspectRatio=\"none\"><g fill=\"rgb(255, 255, 255)\"><path d=\"M256.426407,2 500,2 500,0 0,0 0,2 243.857864,2 250.142136,8.2842712 Z\"><\/path><\/g><\/svg><\/div><\/div><\/div><div class=\"vce-row-content\" data-vce-element-content=\"true\" style=\"padding-left: 25px; padding-right: 25px;\"><div class=\"vce-col vce-col--md-1-3 vce-col--xs-1 vce-col--xs-last vce-col--xs-first vce-col--sm-last vce-col--sm-first vce-col--md-first vce-col--lg-first vce-col--xl-first myopacity\" id=\"el-9714d66b\"><div class=\"vce-col-inner\" data-vce-do-apply=\"border margin background  el-9714d66b\"><div class=\"vce-col-content\" data-vce-element-content=\"true\" data-vce-do-apply=\"padding el-9714d66b\"><div class=\"vce-google-fonts-heading vce-google-fonts-heading--align-center vce-google-fonts-heading--color-empty--45--5C00FF--FF7200 vce-google-fonts-heading--font-family-M-PLUS-p\"><div class=\"vce-google-fonts-heading-wrapper\"><div class=\"vce-google-fonts-heading--background vce\" id=\"el-abf282b1\" data-vce-do-apply=\"border background  padding margin el-abf282b1\"><h3 class=\"vce-google-fonts-heading-inner\" style=\"font-size: 2em; font-weight: 400;\">Nos clients t\u00e9moignent :<\/h3><\/div><\/div><\/div><div class=\"vce-features vce-features--style-none vce-features--align-center vce-features--size-large quote_icon vce-icon--style--icon-color-b-39-39-39 vce-icon--style--shape-color-b-239-239-239\"><div id=\"el-690e5ecf\" class=\"vce vce-features-icon-wrapper\" data-vce-do-apply=\"all el-690e5ecf\"><div class=\"vce-features--icon vce-icon\"><svg xmlns=\"https:\/\/www.w3.org\/2000\/svg\" viewBox=\"0 0 769 769\"><path stroke-width=\"25\" d=\"M565.755 696.27h-360l-180-311.77 180-311.77h360l180 311.77z\"><\/path><\/svg><span class=\"vce-icon-container fas fa-quote-left\"><\/span><\/div><\/div><\/div><\/div><\/div><\/div><div class=\"vce-col vce-col--md-2-3 vce-col--xs-1 vce-col--xs-last vce-col--xs-first vce-col--sm-last vce-col--sm-first vce-col--md-last vce-col--lg-last vce-col--xl-last\" id=\"el-cc4a20ad\"><div class=\"vce-col-inner\" data-vce-do-apply=\"border margin background  el-cc4a20ad\"><div class=\"vce-col-content\" data-vce-element-content=\"true\" data-vce-do-apply=\"padding el-cc4a20ad\"><div class=\"vce-text-block\"><div class=\"vce-text-block-wrapper vce\" id=\"el-383de610\" data-vce-do-apply=\"all el-383de610\"><div class=\"temoignage_slider\"><div class=\"pt-cv-wrapper\"><div class=\"pt-cv-view pt-cv-grid pt-cv-colsys\" id=\"pt-cv-view-087ecd7sm9\"><div data-id=\"pt-cv-page-1\" class=\"pt-cv-page\" data-cvc=\"2\"><div class=\"col-md-6 col-sm-6 col-xs-12 pt-cv-content-item pt-cv-2-col\"  data-pid=\"643\"><div class='pt-cv-ifield'><a href=\"https:\/\/dephicap.com\/dev\/dsc_4900\/\" class=\"_self pt-cv-href-thumbnail pt-cv-thumb-left cvplbd\" target=\"_self\" ><img width=\"790\" height=\"527\" src=\"https:\/\/dephicap.com\/dev\/wp-content\/uploads\/DSC_4900.jpg\" class=\"pt-cv-thumbnail img-none pull-left\" alt=\"Guillaume BARBARA Villejuif (94)\" srcset=\"https:\/\/dephicap.com\/dev\/wp-content\/uploads\/DSC_4900.jpg 2480w, https:\/\/dephicap.com\/dev\/wp-content\/uploads\/DSC_4900-790x527.jpg 790w, https:\/\/dephicap.com\/dev\/wp-content\/uploads\/DSC_4900-768x512.jpg 768w, https:\/\/dephicap.com\/dev\/wp-content\/uploads\/DSC_4900-1536x1024.jpg 1536w, https:\/\/dephicap.com\/dev\/wp-content\/uploads\/DSC_4900-2048x1365.jpg 2048w\" sizes=\"(max-width: 790px) 100vw, 790px\" \/><\/a>\n<div class=\"pt-cv-ctf-list\" data-cvc=\"1\"><div class=\"col-md-12 pt-cv-ctf-column\"><div class=\"pt-cv-custom-fields pt-cv-ctf-image_content\"><div class=\"pt-cv-ctf-value\"><p>\u00ab Aurore HUGON, c&rsquo;est d&rsquo;abord une rencontre et un feeling qui a \u00e9t\u00e9 imm\u00e9diat. Pourquoi ? Elle a su faire un point tr\u00e8s pr\u00e9cis de la situation, elle a su poser les bonnes questions pour qu&rsquo;on trouve ensemble les bonnes r\u00e9ponses. Comment ? Elle a su identifier nos besoins et faire preuve d&rsquo;une r\u00e9activit\u00e9 et d&rsquo;une efficacit\u00e9 imm\u00e9diate. Elle a su traduire notre projet en une strat\u00e9gie financi\u00e8re coh\u00e9rente et a trouver les bons partenaires pour nous soutenir. Le r\u00e9sultat ? Nous avons obtenu les financements souhait\u00e9s, nous avons pu lancer notre projet et elle nous apporte toujours de pr\u00e9cieux conseils sur la partie financi\u00e8re pour anticiper et p\u00e9renniser notre avenir. Banques, Expert Comptable, nous Dirigeants et \u00ab\u00a0DEPHICAP sommes aujourd&rsquo;hui, et demain\u00a0\u00bb, les 4 piliers essentiels de notre d\u00e9veloppement. Conclusion ? MERCI AURORE ! \u00bb<\/p>\n<p><em>Guillaume BARBARA<br \/>\nIMMHDS &#8211; Expert Immobilier<br \/>\nVillejuif (94)<\/em><\/p>\n<\/div><\/div><\/div><\/div><\/div><\/div>\n<div class=\"col-md-6 col-sm-6 col-xs-12 pt-cv-content-item pt-cv-2-col\"  data-pid=\"804\"><div class='pt-cv-ifield'><a href=\"https:\/\/dephicap.com\/dev\/piquepoule\/\" class=\"_self pt-cv-href-thumbnail pt-cv-thumb-left cvplbd\" target=\"_self\" ><img width=\"253\" height=\"253\" src=\"https:\/\/dephicap.com\/dev\/wp-content\/uploads\/piquepoule.jpg\" class=\"pt-cv-thumbnail img-none pull-left\" alt=\"Benjamin BACHES - Paris (75)\" \/><\/a>\n<div class=\"pt-cv-ctf-list\" data-cvc=\"1\"><div class=\"col-md-12 pt-cv-ctf-column\"><div class=\"pt-cv-custom-fields pt-cv-ctf-image_content\"><div class=\"pt-cv-ctf-value\"><p>\u00ab En recherche de financement pour une seconde affaire, j\u2019ai essuy\u00e9 plusieurs refus d\u2019\u00e9tablissements bancaires au pr\u00e9texte que ma premi\u00e8re enseigne \u00e9tait trop jeune, et que l\u2019on manquait donc de recul pour une analyse objective. J\u2019ai donc d\u00e9cid\u00e9 de solliciter les services d\u2019une agence de conseils, et bien m\u2019en a pris\u2026 Ma rencontre avec Aurore Hugon a \u00e9t\u00e9 salvatrice. Sa connaissance du milieu et son exp\u00e9rience nous ont permis de viser juste, avec un dossier adapt\u00e9 au contexte et anticipant les attentes des banques. Ses conseils, sa disponibilit\u00e9 et sa r\u00e9activit\u00e9 ont fait le reste, et j\u2019ai finalement obtenu le financement recherch\u00e9 en moins de 3 mois. \u00bb<\/p>\n<p><em>Benjamin BACHES<br \/>\nPique Poule &#8211; Restaurateur<br \/>\nParis (75)<\/em><\/p>\n<\/div><\/div><\/div><\/div><\/div><\/div><\/div><\/div><\/div>\t\t\t<style type=\"text\/css\" id=\"pt-cv-inline-style-41bc46c96g\">#pt-cv-view-087ecd7sm9 .pt-cv-title a, #pt-cv-view-087ecd7sm9  .panel-title { font-weight: 600 !important; }\n#pt-cv-view-087ecd7sm9 .pt-cv-readmore  { color: #ffffff !important; background-color: #00aeef !important; }\n#pt-cv-view-087ecd7sm9 .pt-cv-readmore:hover  { color: #ffffff !important; background-color: #00aeef !important; }<\/style>\n\t\t\t\n<\/div><\/div><\/div><\/div><\/div><\/div><\/div><\/div><\/div><div class=\"vce-row-container\"><div class=\"vce-row vce-row--col-gap-30 vce-row-columns--top vce-row-content--top\" id=\"el-aca6eba1\" data-vce-do-apply=\"all el-aca6eba1\"><div class=\"vce-row-content\" data-vce-element-content=\"true\"><div class=\"vce-col vce-col--md-auto vce-col--xs-1 vce-col--xs-last vce-col--xs-first vce-col--sm-last vce-col--sm-first vce-col--md-last vce-col--lg-last vce-col--xl-last vce-col--md-first vce-col--lg-first vce-col--xl-first\" id=\"el-a981c9b3\"><div class=\"vce-col-inner\" data-vce-do-apply=\"border margin background  el-a981c9b3\"><div class=\"vce-col-content\" data-vce-element-content=\"true\" data-vce-do-apply=\"padding el-a981c9b3\"><div class=\"vce-raw-html additional_postfooter\"><div class=\"vce-raw-html-wrapper\" id=\"el-d0ac441a\" data-vce-do-apply=\"all el-d0ac441a\"><div id=\"text-2\" class=\"  widget-container widget_text\">\t\t\t<div class=\"textwidget\"><div class=\"cta_link\">\n<a href=\"http:\/\/dephicap.com\/contactez-nous\/\">Une question ? Contactez nous !<\/a>\n<\/div>\n<\/div>\n\t\t<\/div><div id=\"nav_menu-2\" class=\"widget-container widget_nav_menu\"><div class=\"menu-footer-menu-1-container\"><ul id=\"menu-footer-menu-1\" class=\"menu\"><li id=\"menu-item-175\" class=\"menu-item menu-item-type-post_type menu-item-object-page menu-item-privacy-policy menu-item-175\"><a rel=\"privacy-policy\" href=\"https:\/\/dephicap.com\/dev\/legal\/\" data-ps2id-api=\"true\">Mentions L\u00e9gales &#038; Vie Priv\u00e9e<\/a><\/li>\n<\/ul><\/div><\/div><\/div><\/div><\/div><\/div><\/div><\/div><\/div><\/div>","protected":false},"excerpt":{"rendered":"<p>[smartslider3 slider=20]Nos clients t\u00e9moignent :<\/p>\n","protected":false},"author":1,"featured_media":678,"parent":0,"menu_order":0,"comment_status":"closed","ping_status":"closed","template":"template-full-width.php","meta":{"_acf_changed":false,"inline_featured_image":false,"footnotes":""},"class_list":["post-619","page","type-page","status-publish","has-post-thumbnail","hentry"],"acf":[],"aioseo_notices":[],"_links":{"self":[{"href":"https:\/\/dephicap.com\/dev\/wp-json\/wp\/v2\/pages\/619","targetHints":{"allow":["GET"]}}],"collection":[{"href":"https:\/\/dephicap.com\/dev\/wp-json\/wp\/v2\/pages"}],"about":[{"href":"https:\/\/dephicap.com\/dev\/wp-json\/wp\/v2\/types\/page"}],"author":[{"embeddable":true,"href":"https:\/\/dephicap.com\/dev\/wp-json\/wp\/v2\/users\/1"}],"replies":[{"embeddable":true,"href":"https:\/\/dephicap.com\/dev\/wp-json\/wp\/v2\/comments?post=619"}],"version-history":[{"count":39,"href":"https:\/\/dephicap.com\/dev\/wp-json\/wp\/v2\/pages\/619\/revisions"}],"predecessor-version":[{"id":874,"href":"https:\/\/dephicap.com\/dev\/wp-json\/wp\/v2\/pages\/619\/revisions\/874"}],"wp:featuredmedia":[{"embeddable":true,"href":"https:\/\/dephicap.com\/dev\/wp-json\/wp\/v2\/media\/678"}],"wp:attachment":[{"href":"https:\/\/dephicap.com\/dev\/wp-json\/wp\/v2\/media?parent=619"}],"curies":[{"name":"wp","href":"https:\/\/api.w.org\/{rel}","templated":true}]}}