{"id":668,"date":"2020-04-27T09:06:59","date_gmt":"2020-04-27T09:06:59","guid":{"rendered":"http:\/\/dephicap.com\/?page_id=668"},"modified":"2020-05-07T10:16:50","modified_gmt":"2020-05-07T10:16:50","slug":"pourquoi-dephicap","status":"publish","type":"page","link":"https:\/\/dephicap.com\/dev\/pourquoi-dephicap\/","title":{"rendered":"Pourquoi Dephicap"},"content":{"rendered":"<div class=\"vce-row-container\"><div class=\"vce-row vce-row--col-gap-30 vce-row-no-paddings vce-row-columns--top vce-row-content--top\" data-vce-full-width=\"true\" data-vce-stretch-content=\"true\" id=\"el-5e4ea5e5\" data-vce-do-apply=\"all el-5e4ea5e5\"><div class=\"vce-content-background-container\"><\/div><div class=\"vce-row-content\" data-vce-element-content=\"true\"><div class=\"vce-col vce-col--md-auto vce-col--xs-1 vce-col--xs-last vce-col--xs-first vce-col--sm-last vce-col--sm-first vce-col--md-last vce-col--lg-last vce-col--xl-last vce-col--md-first vce-col--lg-first vce-col--xl-first\" id=\"el-67e782bf\"><div class=\"vce-col-inner\" data-vce-do-apply=\"border margin background  el-67e782bf\"><div class=\"vce-col-content\" data-vce-element-content=\"true\" data-vce-do-apply=\"padding el-67e782bf\"><div class=\"vce-raw-html\"><div class=\"vce-raw-html-wrapper\" id=\"el-c37322ad\" data-vce-do-apply=\"all el-c37322ad\"><div class=\"newsticker\"><\/div><\/div><\/div><\/div><\/div><\/div><\/div><\/div><\/div><div class=\"vce-row-container\"><div class=\"vce-row vce-row--col-gap-30 vce-row-columns--top vce-row-content--top\" id=\"el-c3175781\" data-vce-do-apply=\"all el-c3175781\"><div class=\"vce-row-content\" data-vce-element-content=\"true\"><div class=\"vce-col vce-col--md-auto vce-col--xs-1 vce-col--xs-last vce-col--xs-first vce-col--sm-last vce-col--sm-first vce-col--md-last vce-col--lg-last vce-col--xl-last vce-col--md-first vce-col--lg-first vce-col--xl-first\" id=\"el-349282ef\"><div class=\"vce-col-inner\" data-vce-do-apply=\"border margin background  el-349282ef\"><div class=\"vce-col-content\" data-vce-element-content=\"true\" data-vce-do-apply=\"padding el-349282ef\"><div class=\"vce-raw-html\"><div class=\"vce-raw-html-wrapper\" id=\"el-58dd3dc4\" data-vce-do-apply=\"all el-58dd3dc4\">[smartslider3 slider=18]<\/div><\/div><\/div><\/div><\/div><\/div><\/div><\/div><div class=\"vce-row-container\"><div class=\"vce-row vce-row--has-col-background vce-row--col-gap-10 soft_backgroundcolor vce-row-columns--top vce-row-content--top\" data-vce-full-width=\"true\" id=\"el-bf1a50ce\" data-vce-do-apply=\"all el-bf1a50ce\"><div class=\"vce-content-background-container\"><\/div><div class=\"vce-row-content\" data-vce-element-content=\"true\" style=\"padding-left: 25px; padding-right: 25px;\"><div class=\"vce-col vce-col--md-60p vce-col--xs-1 vce-col--xs-last vce-col--xs-first vce-col--sm-last vce-col--sm-first vce-col--md-first vce-col--lg-first vce-col--xl-first\" id=\"el-76138d7a\"><div class=\"vce-col-inner\" data-vce-do-apply=\"border margin background  el-76138d7a\"><div class=\"vce-content-background-container\"><\/div><div class=\"vce-col-content\" data-vce-element-content=\"true\" data-vce-do-apply=\"padding el-76138d7a\"><div class=\"vce-features vce-features--style-none vce-features--align-left vce-features--size-large mysmallquote vce-icon--style--icon-color-b-0-0-0 vce-icon--style--shape-color-3cb878\"><div id=\"el-0d0809c5\" class=\"vce vce-features-icon-wrapper\" data-vce-do-apply=\"all el-0d0809c5\"><div class=\"vce-features--icon vce-icon\"><svg xmlns=\"https:\/\/www.w3.org\/2000\/svg\" viewBox=\"0 0 769 769\"><path stroke-width=\"25\" d=\"M565.755 696.27h-360l-180-311.77 180-311.77h360l180 311.77z\"><\/path><\/svg><span class=\"vce-icon-container fas fa-quote-left\"><\/span><\/div><\/div><\/div><div class=\"vce-text-block header_slider responsive_padding_right\"><div class=\"vce-text-block-wrapper vce\" id=\"el-1d5977aa\" data-vce-do-apply=\"all el-1d5977aa\"><div class=\"animated fadeInLeft duration1\"><p>Faisant le constat qu\u2019il existait beaucoup d\u2019incompr\u00e9hensions et un manque de dialogue entre les entreprises et la banque en g\u00e9n\u00e9ral, la cr\u00e9ation de DEPHICAP comme un lien, une interface entre ces deux univers m\u2019a paru \u00e9vidente. J\u2019ai cr\u00e9\u00e9 DEPHICAP afin d\u2019\u00eatre au service des dirigeants d\u2019entreprise et les accompagner dans leur gestion d\u2019entreprise globale, afin de leur sortir la t\u00eate de l\u2019eau et qu\u2019ils puissent se concentrer sur leur activit\u00e9. Leur apporter des solutions de financement, une optimisation de leur gestion de tr\u00e9sorerie ou encore une restructuration financi\u00e8re est mon leitmotiv quotidien.<\/p>\n<p>J\u2019ai toujours \u00e9t\u00e9 au service de mes clients. Je travaille avec d\u00e9vouement et sinc\u00e9rit\u00e9. Je m\u2019implique dans mes missions et accompagne les projets dans leur ensemble.<\/p>\n<p>La dimension humaine est primordiale pour moi, travailler en \u00e9troite collaboration avec le dirigeant d\u2019entreprise est pour moi la cl\u00e9 du succ\u00e8s.<\/p>\n<\/div><\/div><\/div><\/div><\/div><\/div><div class=\"vce-col vce-element--has-background vce-col--md-40p vce-col--xs-1 vce-col--xs-last vce-col--xs-first vce-col--sm-last vce-col--sm-first vce-col--md-last vce-col--lg-last vce-col--xl-last yellowblock_left\" id=\"el-1b59bdbf\"><div class=\"vce-col-inner\" data-vce-dynamic-image-all=\"1b59bdbf\" data-vce-do-apply=\"border margin background  el-1b59bdbf\"><div class=\"vce-content-background-container\"><div class=\"vce-asset-background-simple-container vce-visible-all-only vce-asset-background-simple--style-cover vce-asset-background-simple--position-center-top\"><div class=\"vce-asset-background-simple\"><div class=\"vce-asset-background-simple-item\" style=\"background-image: url('https:\/\/dephicap.com\/dev\/wp-content\/uploads\/aurore-hugon-full-1668x2500-1.jpg');\"><\/div><\/div><\/div><\/div><div class=\"vce-col-content\" data-vce-element-content=\"true\" data-vce-do-apply=\"padding el-1b59bdbf\"><\/div><\/div><\/div><\/div><\/div><\/div><div class=\"vce-row-container\"><div class=\"vce-row vce-row--col-gap-0 under_slider_zone cv_zone vce-row-columns--top vce-row-content--top\" id=\"el-f63bd37a\" data-vce-do-apply=\"all el-f63bd37a\"><div class=\"vce-content-background-container\"><\/div><div class=\"vce-row-content\" data-vce-element-content=\"true\"><div class=\"vce-col vce-col--md-auto vce-col--xs-1 vce-col--xs-last vce-col--xs-first vce-col--sm-last vce-col--sm-first vce-col--md-first vce-col--lg-first vce-col--xl-first\" id=\"el-6895a8e5\"><div class=\"vce-col-inner\" data-vce-do-apply=\"border margin background  el-6895a8e5\"><div class=\"vce-content-background-container\"><\/div><div class=\"vce-col-content\" data-vce-element-content=\"true\" data-vce-do-apply=\"padding el-6895a8e5\"><div class=\"vce-text-block rounded_columnheader_left yellowbackground\"><div class=\"vce-text-block-wrapper vce\" id=\"el-421ad1aa\" data-vce-do-apply=\"all el-421ad1aa\"><h3 class=\"animated fadeInLeft duration1\">Mon parcours<\/h3><\/div><\/div><div class=\"vce-text-block whitebox leftbox servicebox\"><div class=\"vce-text-block-wrapper vce\" id=\"el-0902a081\" data-vce-do-apply=\"all el-0902a081\"><p>Apr\u00e8s un parcours universitaire en finance d\u2019entreprise et l\u2019obtention du titre d\u2019Ing\u00e9nieur Ma\u00eetre en Banque Finance Assurance, j\u2019ai int\u00e9gr\u00e9 un \u00e9tablissement bancaire pendant 17 ans dont 8 en analyse financi\u00e8re de dossiers d\u2019entreprise.<\/p><\/div><\/div><\/div><\/div><\/div><div class=\"vce-col vce-col--md-auto vce-col--xs-1 vce-col--xs-last vce-col--xs-first vce-col--sm-last vce-col--sm-first\" id=\"el-f22593fe\"><div class=\"vce-col-inner\" data-vce-do-apply=\"border margin background  el-f22593fe\"><div class=\"vce-content-background-container\"><\/div><div class=\"vce-col-content\" data-vce-element-content=\"true\" data-vce-do-apply=\"padding el-f22593fe\"><div class=\"vce-text-block rounded_columnheader_middle darkbackground\"><div class=\"vce-text-block-wrapper vce\" id=\"el-17b3f7ac\" data-vce-do-apply=\"all el-17b3f7ac\"><h3 class=\"animated fadeInLeft duration1\">Ma valeur ajout\u00e9e<\/h3><\/div><\/div><div class=\"vce-text-block whitebox middlebox servicebox\"><div class=\"vce-text-block-wrapper vce\" id=\"el-a9a35c9f\" data-vce-do-apply=\"all el-a9a35c9f\"><p>Maitriser le langage bancaire me permet d\u2019\u00e9changer de fa\u00e7on fluide avec vos partenaires, renforc\u00e9 par mes comp\u00e9tences de coach qui me permettront de vous accompagner dans les situations les plus complexes. Ma d\u00e9termination, mon int\u00e9grit\u00e9 et mon engagement seront autant de dynamiques \u00e0 l\u2019aboutissement de vos projets.<\/p><\/div><\/div><\/div><\/div><\/div><div class=\"vce-col vce-col--md-auto vce-col--xs-1 vce-col--xs-last vce-col--xs-first vce-col--sm-last vce-col--sm-first vce-col--md-last vce-col--lg-last vce-col--xl-last\" id=\"el-a378fc0b\"><div class=\"vce-col-inner\" data-vce-do-apply=\"border margin background  el-a378fc0b\"><div class=\"vce-content-background-container\"><\/div><div class=\"vce-col-content\" data-vce-element-content=\"true\" data-vce-do-apply=\"padding el-a378fc0b\"><div class=\"vce-text-block rounded_columnheader_right yellowbackground\"><div class=\"vce-text-block-wrapper vce\" id=\"el-45a63547\" data-vce-do-apply=\"all el-45a63547\"><h3 class=\"animated fadeInLeft duration1\">Notre collaboration<\/h3><\/div><\/div><div class=\"vce-text-block whitebox rightbox servicebox\"><div class=\"vce-text-block-wrapper vce\" id=\"el-1e9738a8\" data-vce-do-apply=\"all el-1e9738a8\"><p>Nous travaillons ensemble afin de mettre en \u0153uvre le montage optimal et le plan d\u2019action qui convient \u00e0 votre business. Une pr\u00e9sence, une \u00e9coute et un soutien de tous les instants seront les facteurs cl\u00e9s de succ\u00e8s qui nous permettront d\u2019atteindre nos objectifs.<\/p><\/div><\/div><\/div><\/div><\/div><\/div><\/div><\/div>","protected":false},"excerpt":{"rendered":"<p>[smartslider3 slider=18]Mon parcoursApr\u00e8s un parcours universitaire en finance d\u2019entreprise et l\u2019obtention du titre d\u2019Ing\u00e9nieur Ma\u00eetre en Banque Finance Assurance, j\u2019ai int\u00e9gr\u00e9 un \u00e9tablissement bancaire pendant 17 ans dont 8 en analyse financi\u00e8re de dossiers d\u2019entreprise.Ma valeur ajout\u00e9eMaitriser le langage bancaire me permet d\u2019\u00e9changer de fa\u00e7on fluide avec vos partenaires, renforc\u00e9 par mes comp\u00e9tences de coach [&hellip;]<\/p>\n","protected":false},"author":1,"featured_media":0,"parent":0,"menu_order":0,"comment_status":"closed","ping_status":"closed","template":"template-full-width.php","meta":{"_acf_changed":false,"inline_featured_image":false,"footnotes":""},"class_list":["post-668","page","type-page","status-publish","hentry"],"acf":[],"aioseo_notices":[],"_links":{"self":[{"href":"https:\/\/dephicap.com\/dev\/wp-json\/wp\/v2\/pages\/668","targetHints":{"allow":["GET"]}}],"collection":[{"href":"https:\/\/dephicap.com\/dev\/wp-json\/wp\/v2\/pages"}],"about":[{"href":"https:\/\/dephicap.com\/dev\/wp-json\/wp\/v2\/types\/page"}],"author":[{"embeddable":true,"href":"https:\/\/dephicap.com\/dev\/wp-json\/wp\/v2\/users\/1"}],"replies":[{"embeddable":true,"href":"https:\/\/dephicap.com\/dev\/wp-json\/wp\/v2\/comments?post=668"}],"version-history":[{"count":41,"href":"https:\/\/dephicap.com\/dev\/wp-json\/wp\/v2\/pages\/668\/revisions"}],"predecessor-version":[{"id":869,"href":"https:\/\/dephicap.com\/dev\/wp-json\/wp\/v2\/pages\/668\/revisions\/869"}],"wp:attachment":[{"href":"https:\/\/dephicap.com\/dev\/wp-json\/wp\/v2\/media?parent=668"}],"curies":[{"name":"wp","href":"https:\/\/api.w.org\/{rel}","templated":true}]}}