{"id":794,"date":"2020-05-04T18:58:45","date_gmt":"2020-05-04T18:58:45","guid":{"rendered":"http:\/\/dephicap.com\/?page_id=794"},"modified":"2020-05-07T11:18:12","modified_gmt":"2020-05-07T11:18:12","slug":"restructuration-de-dettes-bancaires","status":"publish","type":"page","link":"https:\/\/dephicap.com\/dev\/restructuration-de-dettes-bancaires\/","title":{"rendered":"Restructuration de dettes bancaires"},"content":{"rendered":"<div class=\"vce-row-container\"><div class=\"vce-row vce-row--col-gap-30 vce-row-no-paddings vce-row-columns--top vce-row-content--top\" data-vce-full-width=\"true\" data-vce-stretch-content=\"true\" id=\"el-216e9ed7\" data-vce-do-apply=\"all el-216e9ed7\"><div class=\"vce-content-background-container\"><\/div><div class=\"vce-row-content\" data-vce-element-content=\"true\"><div class=\"vce-col vce-col--md-auto vce-col--xs-1 vce-col--xs-last vce-col--xs-first vce-col--sm-last vce-col--sm-first vce-col--md-last vce-col--lg-last vce-col--xl-last vce-col--md-first vce-col--lg-first vce-col--xl-first\" id=\"el-5966672e\"><div class=\"vce-col-inner\" data-vce-do-apply=\"border margin background  el-5966672e\"><div class=\"vce-col-content\" data-vce-element-content=\"true\" data-vce-do-apply=\"padding el-5966672e\"><div class=\"vce-raw-html\"><div class=\"vce-raw-html-wrapper\" id=\"el-d5a02226\" data-vce-do-apply=\"all el-d5a02226\"><div class=\"newsticker\"><\/div><\/div><\/div><\/div><\/div><\/div><\/div><\/div><\/div><div class=\"vce-row-container\"><div class=\"vce-row vce-row--col-gap-30 vce-row-columns--top vce-row-content--top\" id=\"el-1840ff20\" data-vce-do-apply=\"all el-1840ff20\"><div class=\"vce-row-content\" data-vce-element-content=\"true\"><div class=\"vce-col vce-col--md-auto vce-col--xs-1 vce-col--xs-last vce-col--xs-first vce-col--sm-last vce-col--sm-first vce-col--md-last vce-col--lg-last vce-col--xl-last vce-col--md-first vce-col--lg-first vce-col--xl-first\" id=\"el-263e53e2\"><div class=\"vce-col-inner\" data-vce-do-apply=\"border margin background  el-263e53e2\"><div class=\"vce-col-content\" data-vce-element-content=\"true\" data-vce-do-apply=\"padding el-263e53e2\"><div class=\"vce-raw-html\"><div class=\"vce-raw-html-wrapper\" id=\"el-d54bb68e\" data-vce-do-apply=\"all el-d54bb68e\">[smartslider3 slider=21]<\/div><\/div><\/div><\/div><\/div><\/div><\/div><\/div><div class=\"vce-row-container\"><div class=\"vce-row vce-row--col-gap-10 vce-row-wrap--reverse vce-row-columns--top vce-row-content--top\" data-vce-full-width=\"true\" id=\"el-0113562e\" data-vce-do-apply=\"all el-0113562e\"><div class=\"vce-content-background-container\"><\/div><div class=\"vce-row-content\" data-vce-element-content=\"true\" style=\"padding-left: 25px; padding-right: 25px;\"><div class=\"vce-col vce-col--md-60p vce-col--xs-1 vce-col--xs-last vce-col--xs-first vce-col--sm-last vce-col--sm-first vce-col--md-first vce-col--lg-first vce-col--xl-first leftcolumntext\" id=\"el-1840cdda\"><div class=\"vce-col-inner\" data-vce-do-apply=\"border margin background  el-1840cdda\"><div class=\"vce-content-background-container\"><\/div><div class=\"vce-col-content\" data-vce-element-content=\"true\" data-vce-do-apply=\"padding el-1840cdda\"><div class=\"vce-text-block header_slider responsive_padding_right\"><div class=\"vce-text-block-wrapper vce\" id=\"el-28cd7dff\" data-vce-do-apply=\"all el-28cd7dff\"><div class=\"animated fadeInLeft duration1\"><h2>Votre situation<\/h2>\n<ul>\n<li>Vous \u00eates en situation d\u2019urgence sur votre tr\u00e9sorerie, proche de la cessation de paiement<\/li>\n<li>Vos relations avec votre banque se sont d\u00e9grad\u00e9es, la communication est difficile<\/li>\n<li>Vous avez des difficult\u00e9s \u00e0 faire face \u00e0 vos \u00e9ch\u00e9ances de cr\u00e9dit<\/li>\n<\/ul>\n<h2>Notre accompagnement<\/h2>\n<ul>\n<li>Diminution des \u00e9ch\u00e9ances de cr\u00e9dit<\/li>\n<li>Regroupement de financement<\/li>\n<li>N\u00e9gociation de plan d\u2019amortissement<\/li>\n<li>N\u00e9gociation avec les services Affaires<\/li>\n<li>Sp\u00e9ciales ou pr\u00e9-contentieux\u2026<\/li>\n<\/ul>\n<\/div><\/div><\/div><div class=\"vce-single-image-container yellowblock_left small_column vce-single-image--align-left\"><div class=\"vce vce-single-image-wrapper\" id=\"el-973366e9\" data-vce-do-apply=\"all el-973366e9\"><figure><div class=\"vce-single-image-inner vce-single-image--absolute\" style=\"padding-bottom: 65%; width: 2000px;\"><img class=\"vce-single-image\" data-width=\"2000\" data-height=\"1300\"src=\"https:\/\/dephicap.com\/dev\/wp-content\/uploads\/domino_327836865_1.jpg\" data-img-src=\"https:\/\/dephicap.com\/dev\/wp-content\/uploads\/domino_327836865_1.jpg\"  data-dynamic=\"acf:field_5eac27afe4c5b\" alt=\"\"  title=\"Businesswoman protecting dominoes from falling\"  \/><\/div><figcaption>Businesswoman protecting dominoes from falling on wooden desk. Business assistance and leadership in crisis. Operative business solution and stabilization of situation. Professional risk management<\/figcaption><\/figure><\/div><\/div><\/div><\/div><\/div><div class=\"vce-col vce-col--md-40p vce-col--xs-1 vce-col--xs-last vce-col--xs-first vce-col--sm-last vce-col--sm-first vce-col--md-last vce-col--lg-last vce-col--xl-last colonne_grise\" id=\"el-ea9f0972\"><div class=\"vce-col-inner\" data-vce-do-apply=\"border margin background  el-ea9f0972\"><div class=\"vce-col-content\" data-vce-element-content=\"true\" data-vce-do-apply=\"padding el-ea9f0972\"><div class=\"vce-features vce-features--style-none vce-features--align-left vce-features--size-large mysmallquote2 vce-icon--style--icon-color-b-0-0-0 vce-icon--style--shape-color-3cb878\"><div id=\"el-f002a77b\" class=\"vce vce-features-icon-wrapper\" data-vce-do-apply=\"all el-f002a77b\"><div class=\"vce-features--icon vce-icon\"><svg xmlns=\"https:\/\/www.w3.org\/2000\/svg\" viewBox=\"0 0 769 769\"><path stroke-width=\"25\" d=\"M565.755 696.27h-360l-180-311.77 180-311.77h360l180 311.77z\"><\/path><\/svg><span class=\"vce-icon-container fas fa-quote-left\"><\/span><\/div><\/div><\/div><div class=\"vce-text-block outerframe_nobottommargin\"><div class=\"vce-text-block-wrapper vce\" id=\"el-918e609f\" data-vce-do-apply=\"all el-918e609f\"><div class=\"innerframe\"><p><p>Les p\u00e9riodes difficiles ont des sources multiples : vous aviez vous surestim\u00e9 un pr\u00e9visionnel ou sous-estim\u00e9 un besoin ; vous faites face un d\u00e9faut de r\u00e8glement d\u2019un client ; vous avez du mal \u00e0 maitriser votre d\u00e9veloppement ; vous devez faire face \u00e0 un impond\u00e9rable sans lien direct avec votre activit\u00e9 (d\u00e9c\u00e8s d\u2019une personne cl\u00e9 dans l\u2019entreprise ; arr\u00eat total ou partiel de votre activit\u00e9 en raison d\u2019un sinistre, d\u2019une \u00e9pid\u00e9mie&#8230;).<\/p>\n<p>C\u2019est g\u00e9n\u00e9ralement le d\u00e9but des courriers d\u00e9sagr\u00e9ables de vos partenaires bancaires, les appels \u00e0 r\u00e9p\u00e9titions pour connaitre les d\u00e9p\u00f4ts de fonds \u00e0 venir et quelquefois le transfert vers des services de risques, affaires sp\u00e9ciales ou pr\u00e9-contentieux. Nous pouvons \u00e9tudier ensemble des solutions et vous accompagner sur les n\u00e9gociations. Nous parlons le langage bancaire ce qui facilite les \u00e9changes et nous permet d\u2019aboutir \u00e0 des solutions amiables pour p\u00e9renniser l\u2019entreprise et les relations avec votre banque.<\/p>\n<p>Nous sommes l\u00e0 pour vous soutenir.<\/p>\n<div style=\"height: 20px\"><\/div>\n<\/p><\/div><\/div><\/div><\/div><\/div><\/div><\/div><\/div><\/div><div class=\"vce-row-container\"><div class=\"vce-row vce-row--col-gap-10 vce-row-wrap--reverse vce-row-no-paddings vce-row-columns--top vce-row-content--top\" data-vce-full-width=\"true\" data-vce-stretch-content=\"true\" id=\"el-5cb160c0\" data-vce-do-apply=\"all el-5cb160c0\"><div class=\"vce-content-background-container\"><\/div><div class=\"vce-row-content\" data-vce-element-content=\"true\"><div class=\"vce-col vce-col--md-100p vce-col--xs-1 vce-col--xs-last vce-col--xs-first vce-col--sm-last vce-col--sm-first vce-col--md-last vce-col--lg-last vce-col--xl-last vce-col--md-first vce-col--lg-first vce-col--xl-first\" id=\"el-6ca18b38\"><div class=\"vce-col-inner\" data-vce-do-apply=\"border margin background  el-6ca18b38\"><div class=\"vce-col-content\" data-vce-element-content=\"true\" data-vce-do-apply=\"padding el-6ca18b38\"><\/div><\/div><\/div><\/div><\/div><\/div><div class=\"vce-row-container\"><div class=\"vce-row vce-element--has-background vce-row--col-gap-50 vce-row-columns--top vce-row-content--top\" data-vce-full-width=\"true\" id=\"el-e923ec46\" data-vce-do-apply=\"all el-e923ec46\"><div class=\"vce-content-background-container\"><\/div><div class=\"vce-dividers-wrapper\"><div class=\"vce-container-divider vce-divider-position--top vce-container-divider-new vce-visible-all-only\" data-vce-do-apply=\"divider el-e923ec46\"><div class=\"vce-container-divider-inner\"><svg class=\"vce-divider-svg\" viewBox=\"0 0 500 27\" width=\"100%\" preserveAspectRatio=\"none\"><g fill=\"rgb(255, 255, 255)\"><path d=\"M256.426407,2 500,2 500,0 0,0 0,2 243.857864,2 250.142136,8.2842712 Z\"><\/path><\/g><\/svg><\/div><\/div><\/div><div class=\"vce-row-content\" data-vce-element-content=\"true\" style=\"padding-left: 25px; padding-right: 25px;\"><div class=\"vce-col vce-col--md-1-3 vce-col--xs-1 vce-col--xs-last vce-col--xs-first vce-col--sm-last vce-col--sm-first vce-col--md-first vce-col--lg-first vce-col--xl-first myopacity\" id=\"el-7070d57c\"><div class=\"vce-col-inner\" data-vce-do-apply=\"border margin background  el-7070d57c\"><div class=\"vce-col-content\" data-vce-element-content=\"true\" data-vce-do-apply=\"padding el-7070d57c\"><div class=\"vce-google-fonts-heading vce-google-fonts-heading--align-center vce-google-fonts-heading--color-empty--45--5C00FF--FF7200 vce-google-fonts-heading--font-family-M-PLUS-p\"><div class=\"vce-google-fonts-heading-wrapper\"><div class=\"vce-google-fonts-heading--background vce\" id=\"el-5ceaa2b8\" data-vce-do-apply=\"border background  padding margin el-5ceaa2b8\"><h3 class=\"vce-google-fonts-heading-inner\" style=\"font-size: 2em; font-weight: 400;\">Nos clients t\u00e9moignent :<\/h3><\/div><\/div><\/div><div class=\"vce-features vce-features--style-none vce-features--align-center vce-features--size-large quote_icon vce-icon--style--icon-color-b-39-39-39 vce-icon--style--shape-color-b-239-239-239\"><div id=\"el-1bce264c\" class=\"vce vce-features-icon-wrapper\" data-vce-do-apply=\"all el-1bce264c\"><div class=\"vce-features--icon vce-icon\"><svg xmlns=\"https:\/\/www.w3.org\/2000\/svg\" viewBox=\"0 0 769 769\"><path stroke-width=\"25\" d=\"M565.755 696.27h-360l-180-311.77 180-311.77h360l180 311.77z\"><\/path><\/svg><span class=\"vce-icon-container fas fa-quote-left\"><\/span><\/div><\/div><\/div><\/div><\/div><\/div><div class=\"vce-col vce-col--md-2-3 vce-col--xs-1 vce-col--xs-last vce-col--xs-first vce-col--sm-last vce-col--sm-first vce-col--md-last vce-col--lg-last vce-col--xl-last\" id=\"el-4621f043\"><div class=\"vce-col-inner\" data-vce-do-apply=\"border margin background  el-4621f043\"><div class=\"vce-col-content\" data-vce-element-content=\"true\" data-vce-do-apply=\"padding el-4621f043\"><div class=\"vce-text-block\"><div class=\"vce-text-block-wrapper vce\" id=\"el-592f8905\" data-vce-do-apply=\"all el-592f8905\"><div class=\"temoignage_slider\"><div class=\"pt-cv-wrapper\"><div class=\"pt-cv-view pt-cv-grid pt-cv-colsys\" id=\"pt-cv-view-5234eebk0u\"><div data-id=\"pt-cv-page-1\" class=\"pt-cv-page\" data-cvc=\"2\"><div class=\"col-md-6 col-sm-6 col-xs-12 pt-cv-content-item pt-cv-2-col\"  data-pid=\"853\"><div class='pt-cv-ifield'><a href=\"https:\/\/dephicap.com\/dev\/account_circle_grey_192x192\/\" class=\"_self pt-cv-href-thumbnail pt-cv-thumb-left cvplbd\" target=\"_self\" ><img width=\"192\" height=\"192\" src=\"https:\/\/dephicap.com\/dev\/wp-content\/uploads\/account_circle_grey_192x192.png\" class=\"pt-cv-thumbnail img-none pull-left\" alt=\"Boulangerie Levallois\" \/><\/a>\n<div class=\"pt-cv-ctf-list\" data-cvc=\"1\"><div class=\"col-md-12 pt-cv-ctf-column\"><div class=\"pt-cv-custom-fields pt-cv-ctf-image_content\"><div class=\"pt-cv-ctf-value\"><p>\u00ab Notre soci\u00e9t\u00e9 \u00e9tait en difficult\u00e9 en 2018, gr\u00e2ce \u00e0 l\u2019aide et aux comp\u00e9tences de Mme Hugon (soci\u00e9t\u00e9 Dephicap) nous avons ren\u00e9goci\u00e9 avec notre banque l\u2019\u00e9talement de nos pr\u00eats et sommes repartis<br \/>\nd\u2019un bon pied. \u00bb<\/p>\n<p><em>Boulangerie<br \/>\nLevallois Perret (92)<\/em><\/p>\n<\/div><\/div><\/div><\/div><\/div><\/div>\n<div class=\"col-md-6 col-sm-6 col-xs-12 pt-cv-content-item pt-cv-2-col\"  data-pid=\"602\"><div class='pt-cv-ifield'><a href=\"https:\/\/dephicap.com\/dev\/temoignage-clement-gicquel\/\" class=\"_self pt-cv-href-thumbnail pt-cv-thumb-left cvplbd\" target=\"_self\" ><img width=\"264\" height=\"264\" src=\"https:\/\/dephicap.com\/dev\/wp-content\/uploads\/T\u00e9moignage-Cl\u00e9ment-GICQUEL.jpg\" class=\"pt-cv-thumbnail img-none pull-left\" alt=\"Cl\u00e9ment GICQUEL - Rungis\" \/><\/a>\n<div class=\"pt-cv-ctf-list\" data-cvc=\"1\"><div class=\"col-md-12 pt-cv-ctf-column\"><div class=\"pt-cv-custom-fields pt-cv-ctf-image_content\"><div class=\"pt-cv-ctf-value\"><p>\u00ab L\u2019expertise d\u2019Aurore Hugon en mati\u00e8re bancaire n\u2019est plus \u00e0 d\u00e9montrer. Son concours se r\u00e9v\u00e8le pr\u00e9cieux, qu\u2019il s\u2019agisse de la mise en place de la relation ou de sa terminaison, en particulier dans les dossiers complexes \u00bb<\/p>\n<p><em>Cl\u00e9ment GICQUEL<br \/>\nCGC Avocats &#8211; Avocat d&rsquo;affaires<br \/>\nRungis (94)<\/em><\/p>\n<\/div><\/div><\/div><\/div><\/div><\/div><\/div><\/div><\/div>\t\t\t<style type=\"text\/css\" id=\"pt-cv-inline-style-90c2567y6l\">#pt-cv-view-5234eebk0u .pt-cv-title a, #pt-cv-view-5234eebk0u  .panel-title { font-weight: 600 !important; }\n#pt-cv-view-5234eebk0u .pt-cv-readmore  { color: #ffffff !important; background-color: #00aeef !important; }\n#pt-cv-view-5234eebk0u .pt-cv-readmore:hover  { color: #ffffff !important; background-color: #00aeef !important; }<\/style>\n\t\t\t\n<\/div><\/div><\/div><\/div><\/div><\/div><\/div><\/div><\/div><div class=\"vce-row-container\"><div class=\"vce-row vce-row--col-gap-30 vce-row-columns--top vce-row-content--top\" id=\"el-76fce894\" data-vce-do-apply=\"all el-76fce894\"><div class=\"vce-row-content\" data-vce-element-content=\"true\"><div class=\"vce-col vce-col--md-auto vce-col--xs-1 vce-col--xs-last vce-col--xs-first vce-col--sm-last vce-col--sm-first vce-col--md-last vce-col--lg-last vce-col--xl-last vce-col--md-first vce-col--lg-first vce-col--xl-first\" id=\"el-7d728174\"><div class=\"vce-col-inner\" data-vce-do-apply=\"border margin background  el-7d728174\"><div class=\"vce-col-content\" data-vce-element-content=\"true\" data-vce-do-apply=\"padding el-7d728174\"><div class=\"vce-raw-html additional_postfooter\"><div class=\"vce-raw-html-wrapper\" id=\"el-c03e94cd\" data-vce-do-apply=\"all el-c03e94cd\"><div id=\"text-2\" class=\"  widget-container widget_text\">\t\t\t<div class=\"textwidget\"><div class=\"cta_link\">\n<a href=\"http:\/\/dephicap.com\/contactez-nous\/\">Une question ? Contactez nous !<\/a>\n<\/div>\n<\/div>\n\t\t<\/div><div id=\"nav_menu-2\" class=\"widget-container widget_nav_menu\"><div class=\"menu-footer-menu-1-container\"><ul id=\"menu-footer-menu-1\" class=\"menu\"><li id=\"menu-item-175\" class=\"menu-item menu-item-type-post_type menu-item-object-page menu-item-privacy-policy menu-item-175\"><a rel=\"privacy-policy\" href=\"https:\/\/dephicap.com\/dev\/legal\/\" data-ps2id-api=\"true\">Mentions L\u00e9gales &#038; Vie Priv\u00e9e<\/a><\/li>\n<\/ul><\/div><\/div><\/div><\/div><\/div><\/div><\/div><\/div><\/div><\/div><div class=\"vce-row-container\"><div class=\"vce-row vce-row--col-gap-30 vce-row-columns--top vce-row-content--top\" id=\"el-da8de7fb\" data-vce-do-apply=\"all el-da8de7fb\"><div class=\"vce-row-content\" data-vce-element-content=\"true\"><\/div><\/div><\/div>","protected":false},"excerpt":{"rendered":"<p>[smartslider3 slider=21]Nos clients t\u00e9moignent :<\/p>\n","protected":false},"author":1,"featured_media":679,"parent":0,"menu_order":0,"comment_status":"closed","ping_status":"closed","template":"template-full-width.php","meta":{"_acf_changed":false,"inline_featured_image":false,"footnotes":""},"class_list":["post-794","page","type-page","status-publish","has-post-thumbnail","hentry"],"acf":[],"aioseo_notices":[],"_links":{"self":[{"href":"https:\/\/dephicap.com\/dev\/wp-json\/wp\/v2\/pages\/794","targetHints":{"allow":["GET"]}}],"collection":[{"href":"https:\/\/dephicap.com\/dev\/wp-json\/wp\/v2\/pages"}],"about":[{"href":"https:\/\/dephicap.com\/dev\/wp-json\/wp\/v2\/types\/page"}],"author":[{"embeddable":true,"href":"https:\/\/dephicap.com\/dev\/wp-json\/wp\/v2\/users\/1"}],"replies":[{"embeddable":true,"href":"https:\/\/dephicap.com\/dev\/wp-json\/wp\/v2\/comments?post=794"}],"version-history":[{"count":14,"href":"https:\/\/dephicap.com\/dev\/wp-json\/wp\/v2\/pages\/794\/revisions"}],"predecessor-version":[{"id":873,"href":"https:\/\/dephicap.com\/dev\/wp-json\/wp\/v2\/pages\/794\/revisions\/873"}],"wp:featuredmedia":[{"embeddable":true,"href":"https:\/\/dephicap.com\/dev\/wp-json\/wp\/v2\/media\/679"}],"wp:attachment":[{"href":"https:\/\/dephicap.com\/dev\/wp-json\/wp\/v2\/media?parent=794"}],"curies":[{"name":"wp","href":"https:\/\/api.w.org\/{rel}","templated":true}]}}