{"id":956,"date":"2022-02-13T20:29:50","date_gmt":"2022-02-13T20:29:50","guid":{"rendered":"http:\/\/dephicap.com\/?page_id=956"},"modified":"2022-02-13T20:54:34","modified_gmt":"2022-02-13T20:54:34","slug":"actualite","status":"publish","type":"page","link":"https:\/\/dephicap.com\/dev\/actualite\/","title":{"rendered":"Actualit\u00e9"},"content":{"rendered":"<div class=\"vce-row-container\"><div class=\"vce-row vce-row--col-gap-30 vce-row-no-paddings vce-row-content--top\" data-vce-full-width=\"true\" data-vce-stretch-content=\"true\" id=\"el-5e4ea5e5\" data-vce-do-apply=\"all el-5e4ea5e5\"><div class=\"vce-content-background-container\"><\/div><div class=\"vce-row-content\" data-vce-element-content=\"true\"><div class=\"vce-col vce-col--md-auto vce-col--xs-1 vce-col--xs-last vce-col--xs-first vce-col--sm-last vce-col--sm-first vce-col--md-last vce-col--lg-last vce-col--xl-last vce-col--md-first vce-col--lg-first vce-col--xl-first\" id=\"el-67e782bf\"><div class=\"vce-col-inner\" data-vce-do-apply=\"border margin background  el-67e782bf\"><div class=\"vce-col-content\" data-vce-element-content=\"true\" data-vce-do-apply=\"padding el-67e782bf\"><div class=\"vce-raw-html\"><div class=\"vce-raw-html-wrapper\" id=\"el-c37322ad\" data-vce-do-apply=\"all el-c37322ad\"><div class=\"newsticker\"><\/div><\/div><\/div><\/div><\/div><\/div><\/div><\/div><\/div><div class=\"vce-row-container\" data-vce-boxed-width=\"true\"><div class=\"vce-row vce-row--col-gap-30 vce-row-content--top\" id=\"el-c3175781\" data-vce-do-apply=\"all el-c3175781\"><div class=\"vce-row-content\" data-vce-element-content=\"true\"><div class=\"vce-col vce-col--md-auto vce-col--xs-1 vce-col--xs-last vce-col--xs-first vce-col--sm-last vce-col--sm-first vce-col--md-last vce-col--lg-last vce-col--xl-last vce-col--md-first vce-col--lg-first vce-col--xl-first\" id=\"el-349282ef\"><div class=\"vce-col-inner\" data-vce-do-apply=\"border margin background  el-349282ef\"><div class=\"vce-col-content\" data-vce-element-content=\"true\" data-vce-do-apply=\"padding el-349282ef\"><div class=\"vce-raw-html featuredzone\"><div class=\"vce-raw-html-wrapper\" id=\"el-58dd3dc4\" data-vce-do-apply=\"all el-58dd3dc4\">[smartslider3 slider=23]<\/div><\/div><\/div><\/div><\/div><\/div><\/div><\/div><div class=\"vce-row-container\" data-vce-boxed-width=\"true\"><div class=\"vce-row vce-row--col-gap-30 vce-row-equal-height vce-row-content--top\" id=\"el-ea6c0236\" data-vce-do-apply=\"all el-ea6c0236\"><div class=\"vce-row-content\" data-vce-element-content=\"true\"><div class=\"vce-col vce-col--md-auto vce-col--xs-1 vce-col--xs-last vce-col--xs-first vce-col--sm-last vce-col--sm-first vce-col--md-last vce-col--lg-last vce-col--xl-last vce-col--md-first vce-col--lg-first vce-col--xl-first\" id=\"el-d85aadd2\"><div class=\"vce-col-inner\" data-vce-do-apply=\"border margin background  el-d85aadd2\"><div class=\"vce-col-content\" data-vce-element-content=\"true\" data-vce-do-apply=\"padding el-d85aadd2\"><div class=\"vce-raw-html blogzone\"><div class=\"vce-raw-html-wrapper\" id=\"el-f42b1977\" data-vce-do-apply=\"all el-f42b1977\"><div class=\"pt-cv-wrapper\"><div class=\"pt-cv-view pt-cv-grid pt-cv-colsys pt-cv-same-height\" id=\"pt-cv-view-ce34b6fwqc\"><div data-id=\"pt-cv-page-1\" class=\"pt-cv-page\" data-cvc=\"3\" data-cvct=\"2\" data-cvcm=\"1\"><div class=\"col-md-4 col-sm-6 col-xs-12 pt-cv-content-item pt-cv-1-col\"  data-pid=\"1075\"><div class='pt-cv-ifield'><a href=\"https:\/\/dephicap.com\/dev\/audit-et-diagnostic-organisationnel-en-entreprise\/\" class=\"_self pt-cv-href-thumbnail pt-cv-thumb-default cvplbd\" target=\"_self\" ><img width=\"790\" height=\"790\" src=\"https:\/\/dephicap.com\/dev\/wp-content\/uploads\/Decembre-20122022-790x790.png\" class=\"pt-cv-thumbnail img-none skip-lazy \" alt=\"Audit et diagnostic organisationnel en entreprise\" \/><\/a>\n<div class=\"pt-cv-meta-fields\"><span class=\"entry-date\"> <time datetime=\"2023-02-02T20:19:08+00:00\">2 f\u00e9vrier 2023<\/time><\/span><\/div>\n<h4 class=\"pt-cv-title\"><a href=\"https:\/\/dephicap.com\/dev\/audit-et-diagnostic-organisationnel-en-entreprise\/\" class=\"_self cvplbd\" target=\"_self\" >Audit et diagnostic organisationnel en entreprise<\/a><\/h4>\n<div class=\"pt-cv-content\">DEPHICAP, expert en pilotage d\u2019entreprise et gestion financi\u00e8re en \u00cele-de-France, vous donne les cl\u00e9s d\u2019un bon audit organisationnel pour booster votre entreprise ...<br \/><div class=\"pt-cv-rmwrap\"><a href=\"https:\/\/dephicap.com\/dev\/audit-et-diagnostic-organisationnel-en-entreprise\/\" class=\"_self pt-cv-readmore btn btn-success cvplbd\" target=\"_self\">lire tout l'article<\/a><\/div><\/div><\/div><\/div>\n<div class=\"col-md-4 col-sm-6 col-xs-12 pt-cv-content-item pt-cv-1-col\"  data-pid=\"1055\"><div class='pt-cv-ifield'><a href=\"https:\/\/dephicap.com\/dev\/piloter-son-entreprise-de-maniere-agile\/\" class=\"_self pt-cv-href-thumbnail pt-cv-thumb-default cvplbd\" target=\"_self\" ><img width=\"790\" height=\"790\" src=\"https:\/\/dephicap.com\/dev\/wp-content\/uploads\/Decembre-1-790x790.jpg\" class=\"pt-cv-thumbnail img-none skip-lazy \" alt=\"Piloter son entreprise de mani\u00e8re agile\" \/><\/a>\n<div class=\"pt-cv-meta-fields\"><span class=\"entry-date\"> <time datetime=\"2022-12-02T19:45:43+00:00\">2 d\u00e9cembre 2022<\/time><\/span><\/div>\n<h4 class=\"pt-cv-title\"><a href=\"https:\/\/dephicap.com\/dev\/piloter-son-entreprise-de-maniere-agile\/\" class=\"_self cvplbd\" target=\"_self\" >Piloter son entreprise de mani\u00e8re agile<\/a><\/h4>\n<div class=\"pt-cv-content\">DEPHICAP, expert en pilotage d\u2019entreprise et gestion financi\u00e8re en \u00cele-de-France, vous explique comment g\u00e9rer votre entreprise de mani\u00e8re agile ...<br \/><div class=\"pt-cv-rmwrap\"><a href=\"https:\/\/dephicap.com\/dev\/piloter-son-entreprise-de-maniere-agile\/\" class=\"_self pt-cv-readmore btn btn-success cvplbd\" target=\"_self\">lire tout l'article<\/a><\/div><\/div><\/div><\/div>\n<div class=\"col-md-4 col-sm-6 col-xs-12 pt-cv-content-item pt-cv-1-col\"  data-pid=\"1050\"><div class='pt-cv-ifield'><a href=\"https:\/\/dephicap.com\/dev\/faire-face-aux-remboursements-des-pge\/\" class=\"_self pt-cv-href-thumbnail pt-cv-thumb-default cvplbd\" target=\"_self\" ><img width=\"790\" height=\"790\" src=\"https:\/\/dephicap.com\/dev\/wp-content\/uploads\/DEPHICAP-Publication-790x790.jpg\" class=\"pt-cv-thumbnail img-none skip-lazy \" alt=\"Faire face aux remboursements des PGE\" \/><\/a>\n<div class=\"pt-cv-meta-fields\"><span class=\"entry-date\"> <time datetime=\"2022-11-02T19:10:51+00:00\">2 novembre 2022<\/time><\/span><\/div>\n<h4 class=\"pt-cv-title\"><a href=\"https:\/\/dephicap.com\/dev\/faire-face-aux-remboursements-des-pge\/\" class=\"_self cvplbd\" target=\"_self\" >Faire face aux remboursements des PGE<\/a><\/h4>\n<div class=\"pt-cv-content\">DEPHICAP, expert en pilotage d\u2019entreprise et gestion financi\u00e8re en \u00cele-de-France, vous accompagne face aux remboursements des PGE. Explications et solutions ...<br \/><div class=\"pt-cv-rmwrap\"><a href=\"https:\/\/dephicap.com\/dev\/faire-face-aux-remboursements-des-pge\/\" class=\"_self pt-cv-readmore btn btn-success cvplbd\" target=\"_self\">lire tout l'article<\/a><\/div><\/div><\/div><\/div>\n<div class=\"col-md-4 col-sm-6 col-xs-12 pt-cv-content-item pt-cv-1-col\"  data-pid=\"1060\"><div class='pt-cv-ifield'><a href=\"https:\/\/dephicap.com\/dev\/optimiser-les-couts-en-entreprise\/\" class=\"_self pt-cv-href-thumbnail pt-cv-thumb-default cvplbd\" target=\"_self\" ><img width=\"790\" height=\"790\" src=\"https:\/\/dephicap.com\/dev\/wp-content\/uploads\/Janvier-31-nouvelle-photo-790x790.png\" class=\"pt-cv-thumbnail img-none skip-lazy \" alt=\"Optimiser les co\u00fbts en entreprise\" \/><\/a>\n<div class=\"pt-cv-meta-fields\"><span class=\"entry-date\"> <time datetime=\"2022-10-02T19:55:43+00:00\">2 octobre 2022<\/time><\/span><\/div>\n<h4 class=\"pt-cv-title\"><a href=\"https:\/\/dephicap.com\/dev\/optimiser-les-couts-en-entreprise\/\" class=\"_self cvplbd\" target=\"_self\" >Optimiser les co\u00fbts en entreprise<\/a><\/h4>\n<div class=\"pt-cv-content\">DEPHICAP, expert en pilotage d\u2019entreprise et gestion financi\u00e8re en \u00cele-de-France, vous explique comment optimiser les co\u00fbts en entreprise et gagner en rentabilit\u00e9 ...<br \/><div class=\"pt-cv-rmwrap\"><a href=\"https:\/\/dephicap.com\/dev\/optimiser-les-couts-en-entreprise\/\" class=\"_self pt-cv-readmore btn btn-success cvplbd\" target=\"_self\">lire tout l'article<\/a><\/div><\/div><\/div><\/div>\n<div class=\"col-md-4 col-sm-6 col-xs-12 pt-cv-content-item pt-cv-1-col\"  data-pid=\"1065\"><div class='pt-cv-ifield'><a href=\"https:\/\/dephicap.com\/dev\/bilan-et-audit-financier-et-bancaire\/\" class=\"_self pt-cv-href-thumbnail pt-cv-thumb-default cvplbd\" target=\"_self\" ><img width=\"790\" height=\"790\" src=\"https:\/\/dephicap.com\/dev\/wp-content\/uploads\/10012023-790x790.png\" class=\"pt-cv-thumbnail img-none skip-lazy \" alt=\"Bilan et audit financier et bancaire\" \/><\/a>\n<div class=\"pt-cv-meta-fields\"><span class=\"entry-date\"> <time datetime=\"2022-09-02T20:05:06+00:00\">2 septembre 2022<\/time><\/span><\/div>\n<h4 class=\"pt-cv-title\"><a href=\"https:\/\/dephicap.com\/dev\/bilan-et-audit-financier-et-bancaire\/\" class=\"_self cvplbd\" target=\"_self\" >Bilan et audit financier et bancaire<\/a><\/h4>\n<div class=\"pt-cv-content\">DEPHICAP, expert en pilotage d\u2019entreprise et gestion financi\u00e8re en \u00cele-de-France fait sa rentr\u00e9e. On vous parle bilan et nouveau projet d\u2019accompagnement ...<br \/><div class=\"pt-cv-rmwrap\"><a href=\"https:\/\/dephicap.com\/dev\/bilan-et-audit-financier-et-bancaire\/\" class=\"_self pt-cv-readmore btn btn-success cvplbd\" target=\"_self\">lire tout l'article<\/a><\/div><\/div><\/div><\/div>\n<div class=\"col-md-4 col-sm-6 col-xs-12 pt-cv-content-item pt-cv-1-col\"  data-pid=\"1070\"><div class='pt-cv-ifield'><a href=\"https:\/\/dephicap.com\/dev\/comment-structurer-son-entreprise\/\" class=\"_self pt-cv-href-thumbnail pt-cv-thumb-default cvplbd\" target=\"_self\" ><img width=\"790\" height=\"790\" src=\"https:\/\/dephicap.com\/dev\/wp-content\/uploads\/DEPHICAP-Publication-1-790x790.jpg\" class=\"pt-cv-thumbnail img-none skip-lazy \" alt=\"Comment structurer son entreprise\u00a0?\" \/><\/a>\n<div class=\"pt-cv-meta-fields\"><span class=\"entry-date\"> <time datetime=\"2022-07-02T20:12:55+00:00\">2 juillet 2022<\/time><\/span><\/div>\n<h4 class=\"pt-cv-title\"><a href=\"https:\/\/dephicap.com\/dev\/comment-structurer-son-entreprise\/\" class=\"_self cvplbd\" target=\"_self\" >Comment structurer son entreprise\u00a0?<\/a><\/h4>\n<div class=\"pt-cv-content\">DEPHICAP, expert en pilotage d\u2019entreprise et gestion financi\u00e8re en \u00cele-de-France, vous explique comment structurer votre entreprise pour am\u00e9liorer vos performances ...<br \/><div class=\"pt-cv-rmwrap\"><a href=\"https:\/\/dephicap.com\/dev\/comment-structurer-son-entreprise\/\" class=\"_self pt-cv-readmore btn btn-success cvplbd\" target=\"_self\">lire tout l'article<\/a><\/div><\/div><\/div><\/div>\n<div class=\"col-md-4 col-sm-6 col-xs-12 pt-cv-content-item pt-cv-1-col\"  data-pid=\"1009\"><div class='pt-cv-ifield'><a href=\"https:\/\/dephicap.com\/dev\/comprendre-la-rentabilite-en-entreprise\/\" class=\"_self pt-cv-href-thumbnail pt-cv-thumb-default cvplbd\" target=\"_self\" ><img width=\"790\" height=\"790\" src=\"https:\/\/dephicap.com\/dev\/wp-content\/uploads\/image006-790x790.jpg\" class=\"pt-cv-thumbnail img-none skip-lazy \" alt=\"Comprendre la rentabilit\u00e9 en entreprise\" \/><\/a>\n<div class=\"pt-cv-meta-fields\"><span class=\"entry-date\"> <time datetime=\"2022-06-12T19:49:30+00:00\">12 juin 2022<\/time><\/span><\/div>\n<h4 class=\"pt-cv-title\"><a href=\"https:\/\/dephicap.com\/dev\/comprendre-la-rentabilite-en-entreprise\/\" class=\"_self cvplbd\" target=\"_self\" >Comprendre la rentabilit\u00e9 en entreprise<\/a><\/h4>\n<div class=\"pt-cv-content\">DEPHICAP, expert en pilotage d\u2019entreprise et gestion financi\u00e8re en \u00cele-de-France, vous explique comment devenir rentable en optimisant vos frais et vos charges ...<br \/><div class=\"pt-cv-rmwrap\"><a href=\"https:\/\/dephicap.com\/dev\/comprendre-la-rentabilite-en-entreprise\/\" class=\"_self pt-cv-readmore btn btn-success cvplbd\" target=\"_self\">lire tout l'article<\/a><\/div><\/div><\/div><\/div>\n<div class=\"col-md-4 col-sm-6 col-xs-12 pt-cv-content-item pt-cv-1-col\"  data-pid=\"984\"><div class='pt-cv-ifield'><a href=\"https:\/\/dephicap.com\/dev\/moratoire-et-echelonnement-des-dettes-dentreprises\/\" class=\"_self pt-cv-href-thumbnail pt-cv-thumb-default cvplbd\" target=\"_self\" ><img width=\"790\" height=\"790\" src=\"https:\/\/dephicap.com\/dev\/wp-content\/uploads\/frais-banque-790x790.jpeg\" class=\"pt-cv-thumbnail img-none skip-lazy \" alt=\"Moratoire et \u00e9chelonnement des dettes d\u2019entreprises\" \/><\/a>\n<div class=\"pt-cv-meta-fields\"><span class=\"entry-date\"> <time datetime=\"2022-05-09T19:49:44+00:00\">9 mai 2022<\/time><\/span><\/div>\n<h4 class=\"pt-cv-title\"><a href=\"https:\/\/dephicap.com\/dev\/moratoire-et-echelonnement-des-dettes-dentreprises\/\" class=\"_self cvplbd\" target=\"_self\" >Moratoire et \u00e9chelonnement des dettes d\u2019entreprises<\/a><\/h4>\n<div class=\"pt-cv-content\">DEPHICAP, expert en pilotage d\u2019entreprise et gestion financi\u00e8re en \u00cele-de-France, vous explique les avantages du moratoire financier pour \u00e9chelonner vos dettes ...<br \/><div class=\"pt-cv-rmwrap\"><a href=\"https:\/\/dephicap.com\/dev\/moratoire-et-echelonnement-des-dettes-dentreprises\/\" class=\"_self pt-cv-readmore btn btn-success cvplbd\" target=\"_self\">lire tout l'article<\/a><\/div><\/div><\/div><\/div>\n<div class=\"col-md-4 col-sm-6 col-xs-12 pt-cv-content-item pt-cv-1-col\"  data-pid=\"986\"><div class='pt-cv-ifield'><a href=\"https:\/\/dephicap.com\/dev\/conseils-et-relations-aupres-des-banques\/\" class=\"_self pt-cv-href-thumbnail pt-cv-thumb-default cvplbd\" target=\"_self\" ><img width=\"790\" height=\"790\" src=\"https:\/\/dephicap.com\/dev\/wp-content\/uploads\/image001-790x790.jpg\" class=\"pt-cv-thumbnail img-none skip-lazy \" alt=\"Conseils et relations\u00a0aupr\u00e8s des banques\" \/><\/a>\n<div class=\"pt-cv-meta-fields\"><span class=\"entry-date\"> <time datetime=\"2022-04-05T19:49:46+00:00\">5 avril 2022<\/time><\/span><\/div>\n<h4 class=\"pt-cv-title\"><a href=\"https:\/\/dephicap.com\/dev\/conseils-et-relations-aupres-des-banques\/\" class=\"_self cvplbd\" target=\"_self\" >Conseils et relations\u00a0aupr\u00e8s des banques<\/a><\/h4>\n<div class=\"pt-cv-content\">DEPHICAP, expert en pilotage d\u2019entreprise et gestion financi\u00e8re en \u00cele-de-France, vous pr\u00e9sente son r\u00f4le aupr\u00e8s des banques pour le d\u00e9veloppement de votre entreprise ...<br \/><div class=\"pt-cv-rmwrap\"><a href=\"https:\/\/dephicap.com\/dev\/conseils-et-relations-aupres-des-banques\/\" class=\"_self pt-cv-readmore btn btn-success cvplbd\" target=\"_self\">lire tout l'article<\/a><\/div><\/div><\/div><\/div>\n<div class=\"col-md-4 col-sm-6 col-xs-12 pt-cv-content-item pt-cv-1-col\"  data-pid=\"987\"><div class='pt-cv-ifield'><a href=\"https:\/\/dephicap.com\/dev\/solutions-de-financement-et-restructuration-de-dettes\/\" class=\"_self pt-cv-href-thumbnail pt-cv-thumb-default cvplbd\" target=\"_self\" ><img width=\"790\" height=\"790\" src=\"https:\/\/dephicap.com\/dev\/wp-content\/uploads\/image009-790x790.jpg\" class=\"pt-cv-thumbnail img-none skip-lazy \" alt=\"Solutions de financement et restructuration de dettes\" \/><\/a>\n<div class=\"pt-cv-meta-fields\"><span class=\"entry-date\"> <time datetime=\"2022-03-03T19:49:53+00:00\">3 mars 2022<\/time><\/span><\/div>\n<h4 class=\"pt-cv-title\"><a href=\"https:\/\/dephicap.com\/dev\/solutions-de-financement-et-restructuration-de-dettes\/\" class=\"_self cvplbd\" target=\"_self\" >Solutions de financement et restructuration de dettes<\/a><\/h4>\n<div class=\"pt-cv-content\">DEPHICAP, expert en pilotage d\u2019entreprise en \u00cele-de-France, vous parle de solutions de financement et de restructuration de dettes pour un meilleur d\u00e9veloppement ...<br \/><div class=\"pt-cv-rmwrap\"><a href=\"https:\/\/dephicap.com\/dev\/solutions-de-financement-et-restructuration-de-dettes\/\" class=\"_self pt-cv-readmore btn btn-success cvplbd\" target=\"_self\">lire tout l'article<\/a><\/div><\/div><\/div><\/div>\n<div class=\"col-md-4 col-sm-6 col-xs-12 pt-cv-content-item pt-cv-1-col\"  data-pid=\"983\"><div class='pt-cv-ifield'><a href=\"https:\/\/dephicap.com\/dev\/comprendre-la-gestion-et-le-pilotage-de-tresorerie\/\" class=\"_self pt-cv-href-thumbnail pt-cv-thumb-default cvplbd\" target=\"_self\" ><img width=\"790\" height=\"790\" src=\"https:\/\/dephicap.com\/dev\/wp-content\/uploads\/image008-790x790.jpg\" class=\"pt-cv-thumbnail img-none skip-lazy \" alt=\"Comprendre la gestion et le pilotage de tr\u00e9sorerie\" \/><\/a>\n<div class=\"pt-cv-meta-fields\"><span class=\"entry-date\"> <time datetime=\"2022-02-03T19:49:43+00:00\">3 f\u00e9vrier 2022<\/time><\/span><\/div>\n<h4 class=\"pt-cv-title\"><a href=\"https:\/\/dephicap.com\/dev\/comprendre-la-gestion-et-le-pilotage-de-tresorerie\/\" class=\"_self cvplbd\" target=\"_self\" >Comprendre la gestion et le pilotage de tr\u00e9sorerie<\/a><\/h4>\n<div class=\"pt-cv-content\">Qu\u2019est-ce que le pilotage de tr\u00e9sorerie\u00a0? DEPHICAP, expert en pilotage d\u2019entreprise en \u00cele-de-France, vous explique l\u2019importance de la gestion de tr\u00e9sorerie ...<br \/><div class=\"pt-cv-rmwrap\"><a href=\"https:\/\/dephicap.com\/dev\/comprendre-la-gestion-et-le-pilotage-de-tresorerie\/\" class=\"_self pt-cv-readmore btn btn-success cvplbd\" target=\"_self\">lire tout l'article<\/a><\/div><\/div><\/div><\/div>\n<div class=\"col-md-4 col-sm-6 col-xs-12 pt-cv-content-item pt-cv-1-col\"  data-pid=\"973\"><div class='pt-cv-ifield'><a href=\"https:\/\/dephicap.com\/dev\/strategie-financiere-dentreprise-en-ile-de-france\/\" class=\"_self pt-cv-href-thumbnail pt-cv-thumb-default cvplbd\" target=\"_self\" ><img width=\"790\" height=\"790\" src=\"https:\/\/dephicap.com\/dev\/wp-content\/uploads\/image003-790x790.jpg\" class=\"pt-cv-thumbnail img-none skip-lazy \" alt=\"Strat\u00e9gie financi\u00e8re d\u2019entreprise en \u00cele-de-France\" \/><\/a>\n<div class=\"pt-cv-meta-fields\"><span class=\"entry-date\"> <time datetime=\"2022-01-08T07:14:57+00:00\">8 janvier 2022<\/time><\/span><\/div>\n<h4 class=\"pt-cv-title\"><a href=\"https:\/\/dephicap.com\/dev\/strategie-financiere-dentreprise-en-ile-de-france\/\" class=\"_self cvplbd\" target=\"_self\" >Strat\u00e9gie financi\u00e8re d\u2019entreprise en \u00cele-de-France<\/a><\/h4>\n<div class=\"pt-cv-content\">D\u00e9couvrez l\u2019importance d\u2019une strat\u00e9gie financi\u00e8re et comment prendre les bonnes d\u00e9cisions gr\u00e2ce \u00e0 DEPHICAP, votre expert en pilotage d\u2019entreprise en \u00cele-de-France ...<br \/><div class=\"pt-cv-rmwrap\"><a href=\"https:\/\/dephicap.com\/dev\/strategie-financiere-dentreprise-en-ile-de-france\/\" class=\"_self pt-cv-readmore btn btn-success cvplbd\" target=\"_self\">lire tout l'article<\/a><\/div><\/div><\/div><\/div>\n<div class=\"col-md-4 col-sm-6 col-xs-12 pt-cv-content-item pt-cv-1-col\"  data-pid=\"974\"><div class='pt-cv-ifield'><a href=\"https:\/\/dephicap.com\/dev\/dirigeants-chefs-dentreprises-soyez-bien-entoures\/\" class=\"_self pt-cv-href-thumbnail pt-cv-thumb-default cvplbd\" target=\"_self\" ><img width=\"790\" height=\"790\" src=\"https:\/\/dephicap.com\/dev\/wp-content\/uploads\/image007-790x790.jpg\" class=\"pt-cv-thumbnail img-none skip-lazy \" alt=\"Dirigeants, chefs d\u2019entreprises, soyez bien entour\u00e9s\" \/><\/a>\n<div class=\"pt-cv-meta-fields\"><span class=\"entry-date\"> <time datetime=\"2021-12-21T07:15:00+00:00\">21 d\u00e9cembre 2021<\/time><\/span><\/div>\n<h4 class=\"pt-cv-title\"><a href=\"https:\/\/dephicap.com\/dev\/dirigeants-chefs-dentreprises-soyez-bien-entoures\/\" class=\"_self cvplbd\" target=\"_self\" >Dirigeants, chefs d\u2019entreprises, soyez bien entour\u00e9s<\/a><\/h4>\n<div class=\"pt-cv-content\">Il faut \u00e9viter les faillites et cessations de paiement. DEPHICAP accompagne les dirigeants d\u2019entreprises en situations tendues d\u2019\u00cele-de-France \u00e0 remonter la pente ...<br \/><div class=\"pt-cv-rmwrap\"><a href=\"https:\/\/dephicap.com\/dev\/dirigeants-chefs-dentreprises-soyez-bien-entoures\/\" class=\"_self pt-cv-readmore btn btn-success cvplbd\" target=\"_self\">lire tout l'article<\/a><\/div><\/div><\/div><\/div>\n<div class=\"col-md-4 col-sm-6 col-xs-12 pt-cv-content-item pt-cv-1-col\"  data-pid=\"903\"><div class='pt-cv-ifield'><a href=\"https:\/\/dephicap.com\/dev\/accompagnement-des-entreprises-en-difficulte\/\" class=\"_self pt-cv-href-thumbnail pt-cv-thumb-default cvplbd\" target=\"_self\" ><img width=\"790\" height=\"790\" src=\"https:\/\/dephicap.com\/dev\/wp-content\/uploads\/image005-790x790.jpg\" class=\"pt-cv-thumbnail img-none skip-lazy \" alt=\"Accompagnement des entreprises en difficult\u00e9\" \/><\/a>\n<div class=\"pt-cv-meta-fields\"><span class=\"entry-date\"> <time datetime=\"2021-11-07T17:43:47+00:00\">7 novembre 2021<\/time><\/span><\/div>\n<h4 class=\"pt-cv-title\"><a href=\"https:\/\/dephicap.com\/dev\/accompagnement-des-entreprises-en-difficulte\/\" class=\"_self cvplbd\" target=\"_self\" >Accompagnement des entreprises en difficult\u00e9<\/a><\/h4>\n<div class=\"pt-cv-content\">Qu\u2019est-ce que le pilotage d\u2019entreprise\u00a0? DEPHICAP, expert en pilotage d\u2019entreprise en \u00cele-de-France, accompagne les dirigeants dans leur prise de d\u00e9cision ...<br \/><div class=\"pt-cv-rmwrap\"><a href=\"https:\/\/dephicap.com\/dev\/accompagnement-des-entreprises-en-difficulte\/\" class=\"_self pt-cv-readmore btn btn-success cvplbd\" target=\"_self\">lire tout l'article<\/a><\/div><\/div><\/div><\/div><\/div><\/div><\/div>\t\t\t<style type=\"text\/css\" id=\"pt-cv-inline-style-253ce08hna\">#pt-cv-view-ce34b6fwqc .pt-cv-title a, #pt-cv-view-ce34b6fwqc  .panel-title { color: #3d3d3d !important; font-weight: 600 !important; display: block !important; text-align: left !important; clear: both !important; }\n#pt-cv-view-ce34b6fwqc .pt-cv-content , #pt-cv-view-ce34b6fwqc  .pt-cv-content *:not(.pt-cv-readmore):not(style):not(script) { font-size: 15px !important; line-height: 1em !important; }\n#pt-cv-view-ce34b6fwqc .pt-cv-readmore  { color: #ffffff !important; background-color: #fbc109 !important; }\n#pt-cv-view-ce34b6fwqc .pt-cv-readmore:hover  { color: #0f0f0f !important; background-color: #fbc109 !important; }<\/style>\n\t\t\t<\/div><\/div><\/div><\/div><\/div><\/div><\/div><\/div>\n","protected":false},"excerpt":{"rendered":"<p>[smartslider3 slider=23]<\/p>\n","protected":false},"author":1,"featured_media":884,"parent":0,"menu_order":0,"comment_status":"closed","ping_status":"closed","template":"template-full-width.php","meta":{"_acf_changed":false,"inline_featured_image":false,"footnotes":""},"class_list":["post-956","page","type-page","status-publish","has-post-thumbnail","hentry"],"acf":[],"aioseo_notices":[],"_links":{"self":[{"href":"https:\/\/dephicap.com\/dev\/wp-json\/wp\/v2\/pages\/956","targetHints":{"allow":["GET"]}}],"collection":[{"href":"https:\/\/dephicap.com\/dev\/wp-json\/wp\/v2\/pages"}],"about":[{"href":"https:\/\/dephicap.com\/dev\/wp-json\/wp\/v2\/types\/page"}],"author":[{"embeddable":true,"href":"https:\/\/dephicap.com\/dev\/wp-json\/wp\/v2\/users\/1"}],"replies":[{"embeddable":true,"href":"https:\/\/dephicap.com\/dev\/wp-json\/wp\/v2\/comments?post=956"}],"version-history":[{"count":7,"href":"https:\/\/dephicap.com\/dev\/wp-json\/wp\/v2\/pages\/956\/revisions"}],"predecessor-version":[{"id":964,"href":"https:\/\/dephicap.com\/dev\/wp-json\/wp\/v2\/pages\/956\/revisions\/964"}],"wp:featuredmedia":[{"embeddable":true,"href":"https:\/\/dephicap.com\/dev\/wp-json\/wp\/v2\/media\/884"}],"wp:attachment":[{"href":"https:\/\/dephicap.com\/dev\/wp-json\/wp\/v2\/media?parent=956"}],"curies":[{"name":"wp","href":"https:\/\/api.w.org\/{rel}","templated":true}]}}